{"id":5700,"date":"2021-06-21T10:25:35","date_gmt":"2021-06-21T10:25:35","guid":{"rendered":"https:\/\/portelldemorella.org\/?page_id=5700"},"modified":"2021-07-19T11:32:56","modified_gmt":"2021-07-19T11:32:56","slug":"llibre","status":"publish","type":"page","link":"https:\/\/portelldemorella.org\/ca\/llibre\/","title":{"rendered":"llibre"},"content":{"rendered":"\t\t<div data-elementor-type=\"wp-page\" data-elementor-id=\"5700\" class=\"elementor elementor-5700\">\n\t\t\t\t\t\t<section class=\"elementor-section elementor-top-section elementor-element elementor-element-52d27fe elementor-section-boxed elementor-section-height-default elementor-section-height-default\" data-id=\"52d27fe\" data-element_type=\"section\">\n\t\t\t\t\t\t<div class=\"elementor-container elementor-column-gap-default\">\n\t\t\t\t\t<div class=\"elementor-column elementor-col-66 elementor-top-column elementor-element elementor-element-ad3ee09\" data-id=\"ad3ee09\" data-element_type=\"column\">\n\t\t\t<div class=\"elementor-widget-wrap elementor-element-populated\">\n\t\t\t\t\t\t<div class=\"elementor-element elementor-element-60d224d elementor-arrows-position-inside elementor-pagination-position-outside elementor-widget elementor-widget-image-carousel\" data-id=\"60d224d\" data-element_type=\"widget\" data-settings=\"{&quot;navigation&quot;:&quot;both&quot;,&quot;autoplay&quot;:&quot;yes&quot;,&quot;pause_on_hover&quot;:&quot;yes&quot;,&quot;pause_on_interaction&quot;:&quot;yes&quot;,&quot;autoplay_speed&quot;:5000,&quot;infinite&quot;:&quot;yes&quot;,&quot;speed&quot;:500}\" data-widget_type=\"image-carousel.default\">\n\t\t\t\t<div class=\"elementor-widget-container\">\n\t\t\t\t\t<div class=\"elementor-image-carousel-wrapper swiper\" dir=\"ltr\">\n\t\t\t<div class=\"elementor-image-carousel swiper-wrapper swiper-image-stretch\" aria-live=\"off\">\n\t\t\t\t\t\t\t\t<div class=\"swiper-slide\" role=\"group\" aria-roledescription=\"slide\" aria-label=\"1 de 1\"><a data-elementor-open-lightbox=\"yes\" data-elementor-lightbox-slideshow=\"60d224d\" data-elementor-lightbox-title=\"WhatsApp Image 2021-06-11 at 12.02.16\" data-e-action-hash=\"#elementor-action%3Aaction%3Dlightbox%26settings%3DeyJpZCI6NTY1NiwidXJsIjoiaHR0cHM6XC9cL3BvcnRlbGxkZW1vcmVsbGEub3JnXC93cC1jb250ZW50XC91cGxvYWRzXC8yMDIwXC8wN1wvV2hhdHNBcHAtSW1hZ2UtMjAyMS0wNi0xMS1hdC0xMi4wMi4xNi5qcGVnIiwic2xpZGVzaG93IjoiNjBkMjI0ZCJ9\" href=\"https:\/\/portelldemorella.org\/wp-content\/uploads\/2020\/07\/WhatsApp-Image-2021-06-11-at-12.02.16.jpeg\"><figure class=\"swiper-slide-inner\"><img decoding=\"async\" class=\"swiper-slide-image\" src=\"https:\/\/portelldemorella.org\/wp-content\/uploads\/2020\/07\/WhatsApp-Image-2021-06-11-at-12.02.16.jpeg\" alt=\"WhatsApp Image 2021-06-11 at 12.02.16\" \/><\/figure><\/a><\/div>\t\t\t<\/div>\n\t\t\t\t\t<\/div>\n\t\t\t\t<\/div>\n\t\t\t\t<\/div>\n\t\t\t\t\t<\/div>\n\t\t<\/div>\n\t\t\t\t<div class=\"elementor-column elementor-col-33 elementor-top-column elementor-element elementor-element-235f95b\" data-id=\"235f95b\" data-element_type=\"column\">\n\t\t\t<div class=\"elementor-widget-wrap elementor-element-populated\">\n\t\t\t\t\t\t<div class=\"elementor-element elementor-element-3fcefdb elementor-widget elementor-widget-text-editor\" data-id=\"3fcefdb\" data-element_type=\"widget\" data-widget_type=\"text-editor.default\">\n\t\t\t\t<div class=\"elementor-widget-container\">\n\t\t\t\t\t\t\t<p><span style=\"font-weight: 400;\">\u201cMuntanyes d\u2019Il\u00b7lusions\u201d no nom\u00e9s consisteix en reptes esportius, sin\u00f3 que tamb\u00e9 inclou la creaci\u00f3 d&#8217;un conte ben\u00e8fic.<\/span><\/p><div id=\"mouseposition-extension-element-full-container\" style=\"position: fixed; inset: 0px; pointer-events: none; z-index: 2147483647; font-weight: 400;\"><div id=\"mouseposition-extension-element-rect-display\" style=\"display: none; position: absolute; background: rgba(255, 255, 255, 0.7); outline: black solid 1px; font-size: 12px; z-index: 2147483647; justify-content: center; align-items: center; user-select: none; cursor: default; color: #000000; font-family: 'Helvetica Neue', Helvetica, Arial, sans-serif; width: 0px; height: 0px;\"><pre style=\"flex: 1 1 0%; text-align: center; background-color: rgba(255, 255, 255, 0.7); color: #000000; min-width: 42px; min-height: 12px; transition: all 1s ease 0s;\">\u00a0<\/pre><\/div><pre id=\"mouseposition-extension-element-coordinate-display\" style=\"position: absolute; display: none; background: #ffffff; font-size: 12px; line-height: 14px; border-radius: 3px; border-width: 1px; border-color: #222222 black #333333; border-style: solid; padding: 3px; z-index: 2147483647; color: #222222; user-select: none; cursor: default; font-family: 'Helvetica Neue', Helvetica, Arial, sans-serif;\">\u00a0<\/pre><\/div>\t\t\t\t\t\t<\/div>\n\t\t\t\t<\/div>\n\t\t\t\t<div class=\"elementor-element elementor-element-bd07b5a elementor-widget elementor-widget-text-editor\" data-id=\"bd07b5a\" data-element_type=\"widget\" data-widget_type=\"text-editor.default\">\n\t\t\t\t<div class=\"elementor-widget-container\">\n\t\t\t\t\t\t\t<p><span style=\"font-weight: 400;\">\u00a0<\/span><span style=\"font-weight: 400;\"><strong>Pam i els seus alumnes han estat treballant la despoblaci\u00f3<\/strong>, redactant el conte que tracta sobre els propis xiquets i xiquetes i el projecte que estan treballant a l\u2019escola. <strong>El conte narra com busquen remeis per combatre la despoblaci\u00f3 de Portell<\/strong> i aconseguir tindre m\u00e9s companys i companyes de classe amb qui aprendre i jugar.<\/span><\/p><p><span style=\"font-weight: 400;\"><strong>El text del conte \u00e9s de Pam Collado i Pep Jord\u00e0 i les il\u00b7lustracions s\u00f3n d\u2019Isla Louise.<\/strong> Els xiquets i xiquetes de l\u2019aulari tamb\u00e9 han participat activament en el conte, que ha editat i publicat la Fundaci\u00f3 M\u00fatua Levante.<\/span><\/p><div id=\"mouseposition-extension-element-full-container\" style=\"position: fixed; inset: 0px; pointer-events: none; z-index: 2147483647; font-weight: 400;\"><div id=\"mouseposition-extension-element-rect-display\" style=\"display: none; position: absolute; background: rgba(255, 255, 255, 0.7); outline: black solid 1px; font-size: 12px; z-index: 2147483647; justify-content: center; align-items: center; user-select: none; cursor: default; color: #000000; font-family: 'Helvetica Neue', Helvetica, Arial, sans-serif; width: 0px; height: 0px;\"><pre style=\"flex: 1 1 0%; text-align: center; background-color: rgba(255, 255, 255, 0.7); color: #000000; min-width: 42px; min-height: 12px; transition: all 1s ease 0s;\">\u00a0<\/pre><\/div><pre id=\"mouseposition-extension-element-coordinate-display\" style=\"position: absolute; display: none; background: #ffffff; font-size: 12px; line-height: 14px; border-radius: 3px; border-width: 1px; border-color: #222222 black #333333; border-style: solid; padding: 3px; z-index: 2147483647; color: #222222; user-select: none; cursor: default; font-family: 'Helvetica Neue', Helvetica, Arial, sans-serif;\">\u00a0<\/pre><\/div><div id=\"mouseposition-extension-element-full-container\" style=\"position: fixed; inset: 0px; pointer-events: none; z-index: 2147483647; font-weight: 400;\"><div id=\"mouseposition-extension-element-rect-display\" style=\"display: none; position: absolute; background: rgba(255, 255, 255, 0.7); outline: black solid 1px; font-size: 12px; z-index: 2147483647; justify-content: center; align-items: center; user-select: none; cursor: default; color: #000000; font-family: 'Helvetica Neue', Helvetica, Arial, sans-serif; width: 0px; height: 0px;\"><pre style=\"flex: 1 1 0%; text-align: center; background-color: rgba(255, 255, 255, 0.7); color: #000000; min-width: 42px; min-height: 12px; transition: all 1s ease 0s;\">\u00a0<\/pre><\/div><pre id=\"mouseposition-extension-element-coordinate-display\" style=\"position: absolute; display: none; background: #ffffff; font-size: 12px; line-height: 14px; border-radius: 3px; border-width: 1px; border-color: #222222 black #333333; border-style: solid; padding: 3px; z-index: 2147483647; color: #222222; user-select: none; cursor: default; font-family: 'Helvetica Neue', Helvetica, Arial, sans-serif;\">\u00a0<\/pre><\/div>\t\t\t\t\t\t<\/div>\n\t\t\t\t<\/div>\n\t\t\t\t\t<\/div>\n\t\t<\/div>\n\t\t\t\t\t<\/div>\n\t\t<\/section>\n\t\t\t\t<section class=\"elementor-section elementor-top-section elementor-element elementor-element-2c87d93 elementor-section-boxed elementor-section-height-default elementor-section-height-default\" data-id=\"2c87d93\" data-element_type=\"section\">\n\t\t\t\t\t\t<div class=\"elementor-container elementor-column-gap-default\">\n\t\t\t\t\t<div class=\"elementor-column elementor-col-100 elementor-top-column elementor-element elementor-element-61bffb8\" data-id=\"61bffb8\" data-element_type=\"column\">\n\t\t\t<div class=\"elementor-widget-wrap elementor-element-populated\">\n\t\t\t\t\t\t<div class=\"elementor-element elementor-element-c73f21c elementor-arrows-position-inside elementor-pagination-position-outside elementor-widget elementor-widget-image-carousel\" data-id=\"c73f21c\" data-element_type=\"widget\" data-settings=\"{&quot;slides_to_show&quot;:&quot;1&quot;,&quot;navigation&quot;:&quot;both&quot;,&quot;autoplay&quot;:&quot;yes&quot;,&quot;pause_on_hover&quot;:&quot;yes&quot;,&quot;pause_on_interaction&quot;:&quot;yes&quot;,&quot;autoplay_speed&quot;:5000,&quot;infinite&quot;:&quot;yes&quot;,&quot;effect&quot;:&quot;slide&quot;,&quot;speed&quot;:500}\" data-widget_type=\"image-carousel.default\">\n\t\t\t\t<div class=\"elementor-widget-container\">\n\t\t\t\t\t<div class=\"elementor-image-carousel-wrapper swiper\" dir=\"ltr\">\n\t\t\t<div class=\"elementor-image-carousel swiper-wrapper swiper-image-stretch\" aria-live=\"off\">\n\t\t\t\t\t\t\t\t<div class=\"swiper-slide\" role=\"group\" aria-roledescription=\"slide\" aria-label=\"1 de 5\"><a data-elementor-open-lightbox=\"yes\" data-elementor-lightbox-slideshow=\"c73f21c\" data-elementor-lightbox-title=\"Conte solidari (1)\" data-e-action-hash=\"#elementor-action%3Aaction%3Dlightbox%26settings%3DeyJpZCI6NTY1NCwidXJsIjoiaHR0cHM6XC9cL3BvcnRlbGxkZW1vcmVsbGEub3JnXC93cC1jb250ZW50XC91cGxvYWRzXC8yMDIwXC8wN1wvQ29udGUtc29saWRhcmktMS5qcGVnIiwic2xpZGVzaG93IjoiYzczZjIxYyJ9\" href=\"https:\/\/portelldemorella.org\/wp-content\/uploads\/2020\/07\/Conte-solidari-1.jpeg\"><figure class=\"swiper-slide-inner\"><img decoding=\"async\" class=\"swiper-slide-image\" src=\"https:\/\/portelldemorella.org\/wp-content\/uploads\/2020\/07\/Conte-solidari-1.jpeg\" alt=\"Conte solidari (1)\" \/><\/figure><\/a><\/div><div class=\"swiper-slide\" role=\"group\" aria-roledescription=\"slide\" aria-label=\"2 de 5\"><a data-elementor-open-lightbox=\"yes\" data-elementor-lightbox-slideshow=\"c73f21c\" data-elementor-lightbox-title=\"Sinasdf t\u00edtulo-2\" data-e-action-hash=\"#elementor-action%3Aaction%3Dlightbox%26settings%3DeyJpZCI6NjUwNiwidXJsIjoiaHR0cHM6XC9cL3BvcnRlbGxkZW1vcmVsbGEub3JnXC93cC1jb250ZW50XC91cGxvYWRzXC8yMDIwXC8wN1wvU2luYXNkZi10aXR1bG8tMi5qcGciLCJzbGlkZXNob3ciOiJjNzNmMjFjIn0%3D\" href=\"https:\/\/portelldemorella.org\/wp-content\/uploads\/2020\/07\/Sinasdf-titulo-2.jpg\"><figure class=\"swiper-slide-inner\"><img decoding=\"async\" class=\"swiper-slide-image\" src=\"https:\/\/portelldemorella.org\/wp-content\/uploads\/2020\/07\/Sinasdf-titulo-2.jpg\" alt=\"Sinasdf t\u00edtulo-2\" \/><\/figure><\/a><\/div><div class=\"swiper-slide\" role=\"group\" aria-roledescription=\"slide\" aria-label=\"3 de 5\"><a data-elementor-open-lightbox=\"yes\" data-elementor-lightbox-slideshow=\"c73f21c\" data-elementor-lightbox-title=\"Conte solidari (2)\" data-e-action-hash=\"#elementor-action%3Aaction%3Dlightbox%26settings%3DeyJpZCI6NTY1NSwidXJsIjoiaHR0cHM6XC9cL3BvcnRlbGxkZW1vcmVsbGEub3JnXC93cC1jb250ZW50XC91cGxvYWRzXC8yMDIwXC8wN1wvQ29udGUtc29saWRhcmktMi5qcGVnIiwic2xpZGVzaG93IjoiYzczZjIxYyJ9\" href=\"https:\/\/portelldemorella.org\/wp-content\/uploads\/2020\/07\/Conte-solidari-2.jpeg\"><figure class=\"swiper-slide-inner\"><img decoding=\"async\" class=\"swiper-slide-image\" src=\"https:\/\/portelldemorella.org\/wp-content\/uploads\/2020\/07\/Conte-solidari-2.jpeg\" alt=\"Conte solidari (2)\" \/><\/figure><\/a><\/div><div class=\"swiper-slide\" role=\"group\" aria-roledescription=\"slide\" aria-label=\"4 de 5\"><a data-elementor-open-lightbox=\"yes\" data-elementor-lightbox-slideshow=\"c73f21c\" data-elementor-lightbox-title=\"122(4)\" data-e-action-hash=\"#elementor-action%3Aaction%3Dlightbox%26settings%3DeyJpZCI6NjUwOCwidXJsIjoiaHR0cHM6XC9cL3BvcnRlbGxkZW1vcmVsbGEub3JnXC93cC1jb250ZW50XC91cGxvYWRzXC8yMDIwXC8wN1wvMTIyNC5qcGciLCJzbGlkZXNob3ciOiJjNzNmMjFjIn0%3D\" href=\"https:\/\/portelldemorella.org\/wp-content\/uploads\/2020\/07\/1224.jpg\"><figure class=\"swiper-slide-inner\"><img decoding=\"async\" class=\"swiper-slide-image\" src=\"https:\/\/portelldemorella.org\/wp-content\/uploads\/2020\/07\/1224.jpg\" alt=\"122(4)\" \/><\/figure><\/a><\/div><div class=\"swiper-slide\" role=\"group\" aria-roledescription=\"slide\" aria-label=\"5 de 5\"><a data-elementor-open-lightbox=\"yes\" data-elementor-lightbox-slideshow=\"c73f21c\" data-elementor-lightbox-title=\"Conte (3)\" data-e-action-hash=\"#elementor-action%3Aaction%3Dlightbox%26settings%3DeyJpZCI6NjUxMCwidXJsIjoiaHR0cHM6XC9cL3BvcnRlbGxkZW1vcmVsbGEub3JnXC93cC1jb250ZW50XC91cGxvYWRzXC8yMDIwXC8wN1wvQ29udGUtMy5qcGVnIiwic2xpZGVzaG93IjoiYzczZjIxYyJ9\" href=\"https:\/\/portelldemorella.org\/wp-content\/uploads\/2020\/07\/Conte-3.jpeg\"><figure class=\"swiper-slide-inner\"><img decoding=\"async\" class=\"swiper-slide-image\" src=\"https:\/\/portelldemorella.org\/wp-content\/uploads\/2020\/07\/Conte-3.jpeg\" alt=\"Conte (3)\" \/><\/figure><\/a><\/div>\t\t\t<\/div>\n\t\t\t\t\t\t\t\t\t\t\t\t<div class=\"elementor-swiper-button elementor-swiper-button-prev\" role=\"button\" tabindex=\"0\">\n\t\t\t\t\t\t<i aria-hidden=\"true\" class=\"eicon-chevron-left\"><\/i>\t\t\t\t\t<\/div>\n\t\t\t\t\t<div class=\"elementor-swiper-button elementor-swiper-button-next\" role=\"button\" tabindex=\"0\">\n\t\t\t\t\t\t<i aria-hidden=\"true\" class=\"eicon-chevron-right\"><\/i>\t\t\t\t\t<\/div>\n\t\t\t\t\n\t\t\t\t\t\t\t\t\t<div class=\"swiper-pagination\"><\/div>\n\t\t\t\t\t\t\t\t\t<\/div>\n\t\t\t\t<\/div>\n\t\t\t\t<\/div>\n\t\t\t\t\t<\/div>\n\t\t<\/div>\n\t\t\t\t\t<\/div>\n\t\t<\/section>\n\t\t\t\t<\/div>\n\t\t","protected":false},"excerpt":{"rendered":"<p>\u201cMuntanyes d\u2019Il\u00b7lusions\u201d no nom\u00e9s consisteix en reptes esportius, sin\u00f3 que tamb\u00e9 inclou la creaci\u00f3 d&#8217;un conte ben\u00e8fic. \u00a0 \u00a0 \u00a0Pam i els seus alumnes han estat treballant la despoblaci\u00f3, redactant el conte que tracta sobre els propis xiquets i xiquetes i el projecte que estan treballant a l\u2019escola. El conte narra com busquen remeis per [&hellip;]<\/p>\n","protected":false},"author":1,"featured_media":0,"parent":0,"menu_order":0,"comment_status":"closed","ping_status":"closed","template":"","meta":{"footnotes":""},"class_list":["post-5700","page","type-page","status-publish","hentry"],"yoast_head":"<!-- This site is optimized with the Yoast SEO plugin v24.4 - https:\/\/yoast.com\/wordpress\/plugins\/seo\/ -->\n<title>llibre - Portell de Morella<\/title>\n<meta name=\"robots\" content=\"noindex, follow, max-snippet:-1, max-image-preview:large, max-video-preview:-1\" \/>\n<meta property=\"og:locale\" content=\"ca_ES\" \/>\n<meta property=\"og:type\" content=\"article\" \/>\n<meta property=\"og:title\" content=\"llibre - Portell de Morella\" \/>\n<meta property=\"og:description\" content=\"\u201cMuntanyes d\u2019Il\u00b7lusions\u201d no nom\u00e9s consisteix en reptes esportius, sin\u00f3 que tamb\u00e9 inclou la creaci\u00f3 d&#8217;un conte ben\u00e8fic. \u00a0 \u00a0 \u00a0Pam i els seus alumnes han estat treballant la despoblaci\u00f3, redactant el conte que tracta sobre els propis xiquets i xiquetes i el projecte que estan treballant a l\u2019escola. El conte narra com busquen remeis per [&hellip;]\" \/>\n<meta property=\"og:url\" content=\"https:\/\/portelldemorella.org\/ca\/llibre\/\" \/>\n<meta property=\"og:site_name\" content=\"Portell de Morella\" \/>\n<meta property=\"article:modified_time\" content=\"2021-07-19T11:32:56+00:00\" \/>\n<meta property=\"og:image\" content=\"https:\/\/portelldemorella.org\/wp-content\/uploads\/2020\/07\/WhatsApp-Image-2021-06-11-at-12.02.16.jpeg\" \/>\n<meta name=\"twitter:card\" content=\"summary_large_image\" \/>\n<meta name=\"twitter:label1\" content=\"Temps estimat de lectura\" \/>\n\t<meta name=\"twitter:data1\" content=\"3 minuts\" \/>\n<script type=\"application\/ld+json\" class=\"yoast-schema-graph\">{\"@context\":\"https:\/\/schema.org\",\"@graph\":[{\"@type\":\"WebPage\",\"@id\":\"https:\/\/portelldemorella.org\/ca\/llibre\/\",\"url\":\"https:\/\/portelldemorella.org\/ca\/llibre\/\",\"name\":\"llibre - Portell de Morella\",\"isPartOf\":{\"@id\":\"https:\/\/portelldemorella.org\/#website\"},\"primaryImageOfPage\":{\"@id\":\"https:\/\/portelldemorella.org\/ca\/llibre\/#primaryimage\"},\"image\":{\"@id\":\"https:\/\/portelldemorella.org\/ca\/llibre\/#primaryimage\"},\"thumbnailUrl\":\"https:\/\/portelldemorella.org\/wp-content\/uploads\/2020\/07\/WhatsApp-Image-2021-06-11-at-12.02.16.jpeg\",\"datePublished\":\"2021-06-21T10:25:35+00:00\",\"dateModified\":\"2021-07-19T11:32:56+00:00\",\"breadcrumb\":{\"@id\":\"https:\/\/portelldemorella.org\/ca\/llibre\/#breadcrumb\"},\"inLanguage\":\"ca\",\"potentialAction\":[{\"@type\":\"ReadAction\",\"target\":[\"https:\/\/portelldemorella.org\/ca\/llibre\/\"]}]},{\"@type\":\"ImageObject\",\"inLanguage\":\"ca\",\"@id\":\"https:\/\/portelldemorella.org\/ca\/llibre\/#primaryimage\",\"url\":\"https:\/\/portelldemorella.org\/wp-content\/uploads\/2020\/07\/WhatsApp-Image-2021-06-11-at-12.02.16.jpeg\",\"contentUrl\":\"https:\/\/portelldemorella.org\/wp-content\/uploads\/2020\/07\/WhatsApp-Image-2021-06-11-at-12.02.16.jpeg\"},{\"@type\":\"BreadcrumbList\",\"@id\":\"https:\/\/portelldemorella.org\/ca\/llibre\/#breadcrumb\",\"itemListElement\":[{\"@type\":\"ListItem\",\"position\":1,\"name\":\"Portada\",\"item\":\"https:\/\/portelldemorella.org\/ca\/\"},{\"@type\":\"ListItem\",\"position\":2,\"name\":\"llibre\"}]},{\"@type\":\"WebSite\",\"@id\":\"https:\/\/portelldemorella.org\/#website\",\"url\":\"https:\/\/portelldemorella.org\/\",\"name\":\"Portell de Morella\",\"description\":\"Web del Ayuntamiento de Portell de Morella\",\"publisher\":{\"@id\":\"https:\/\/portelldemorella.org\/#organization\"},\"potentialAction\":[{\"@type\":\"SearchAction\",\"target\":{\"@type\":\"EntryPoint\",\"urlTemplate\":\"https:\/\/portelldemorella.org\/?s={search_term_string}\"},\"query-input\":{\"@type\":\"PropertyValueSpecification\",\"valueRequired\":true,\"valueName\":\"search_term_string\"}}],\"inLanguage\":\"ca\"},{\"@type\":\"Organization\",\"@id\":\"https:\/\/portelldemorella.org\/#organization\",\"name\":\"Portell de Morella\",\"url\":\"https:\/\/portelldemorella.org\/\",\"logo\":{\"@type\":\"ImageObject\",\"inLanguage\":\"ca\",\"@id\":\"https:\/\/portelldemorella.org\/#\/schema\/logo\/image\/\",\"url\":\"https:\/\/portelldemorella.org\/wp-content\/uploads\/2020\/11\/Escudo-Portell-04.jpg\",\"contentUrl\":\"https:\/\/portelldemorella.org\/wp-content\/uploads\/2020\/11\/Escudo-Portell-04.jpg\",\"width\":1001,\"height\":394,\"caption\":\"Portell de Morella\"},\"image\":{\"@id\":\"https:\/\/portelldemorella.org\/#\/schema\/logo\/image\/\"}}]}<\/script>\n<!-- \/ Yoast SEO plugin. -->","yoast_head_json":{"title":"llibre - Portell de Morella","robots":{"index":"noindex","follow":"follow","max-snippet":"max-snippet:-1","max-image-preview":"max-image-preview:large","max-video-preview":"max-video-preview:-1"},"og_locale":"ca_ES","og_type":"article","og_title":"llibre - Portell de Morella","og_description":"\u201cMuntanyes d\u2019Il\u00b7lusions\u201d no nom\u00e9s consisteix en reptes esportius, sin\u00f3 que tamb\u00e9 inclou la creaci\u00f3 d&#8217;un conte ben\u00e8fic. \u00a0 \u00a0 \u00a0Pam i els seus alumnes han estat treballant la despoblaci\u00f3, redactant el conte que tracta sobre els propis xiquets i xiquetes i el projecte que estan treballant a l\u2019escola. El conte narra com busquen remeis per [&hellip;]","og_url":"https:\/\/portelldemorella.org\/ca\/llibre\/","og_site_name":"Portell de Morella","article_modified_time":"2021-07-19T11:32:56+00:00","og_image":[{"url":"https:\/\/portelldemorella.org\/wp-content\/uploads\/2020\/07\/WhatsApp-Image-2021-06-11-at-12.02.16.jpeg","type":"","width":"","height":""}],"twitter_card":"summary_large_image","twitter_misc":{"Temps estimat de lectura":"3 minuts"},"schema":{"@context":"https:\/\/schema.org","@graph":[{"@type":"WebPage","@id":"https:\/\/portelldemorella.org\/ca\/llibre\/","url":"https:\/\/portelldemorella.org\/ca\/llibre\/","name":"llibre - Portell de Morella","isPartOf":{"@id":"https:\/\/portelldemorella.org\/#website"},"primaryImageOfPage":{"@id":"https:\/\/portelldemorella.org\/ca\/llibre\/#primaryimage"},"image":{"@id":"https:\/\/portelldemorella.org\/ca\/llibre\/#primaryimage"},"thumbnailUrl":"https:\/\/portelldemorella.org\/wp-content\/uploads\/2020\/07\/WhatsApp-Image-2021-06-11-at-12.02.16.jpeg","datePublished":"2021-06-21T10:25:35+00:00","dateModified":"2021-07-19T11:32:56+00:00","breadcrumb":{"@id":"https:\/\/portelldemorella.org\/ca\/llibre\/#breadcrumb"},"inLanguage":"ca","potentialAction":[{"@type":"ReadAction","target":["https:\/\/portelldemorella.org\/ca\/llibre\/"]}]},{"@type":"ImageObject","inLanguage":"ca","@id":"https:\/\/portelldemorella.org\/ca\/llibre\/#primaryimage","url":"https:\/\/portelldemorella.org\/wp-content\/uploads\/2020\/07\/WhatsApp-Image-2021-06-11-at-12.02.16.jpeg","contentUrl":"https:\/\/portelldemorella.org\/wp-content\/uploads\/2020\/07\/WhatsApp-Image-2021-06-11-at-12.02.16.jpeg"},{"@type":"BreadcrumbList","@id":"https:\/\/portelldemorella.org\/ca\/llibre\/#breadcrumb","itemListElement":[{"@type":"ListItem","position":1,"name":"Portada","item":"https:\/\/portelldemorella.org\/ca\/"},{"@type":"ListItem","position":2,"name":"llibre"}]},{"@type":"WebSite","@id":"https:\/\/portelldemorella.org\/#website","url":"https:\/\/portelldemorella.org\/","name":"Portell de Morella","description":"Web del Ayuntamiento de Portell de Morella","publisher":{"@id":"https:\/\/portelldemorella.org\/#organization"},"potentialAction":[{"@type":"SearchAction","target":{"@type":"EntryPoint","urlTemplate":"https:\/\/portelldemorella.org\/?s={search_term_string}"},"query-input":{"@type":"PropertyValueSpecification","valueRequired":true,"valueName":"search_term_string"}}],"inLanguage":"ca"},{"@type":"Organization","@id":"https:\/\/portelldemorella.org\/#organization","name":"Portell de Morella","url":"https:\/\/portelldemorella.org\/","logo":{"@type":"ImageObject","inLanguage":"ca","@id":"https:\/\/portelldemorella.org\/#\/schema\/logo\/image\/","url":"https:\/\/portelldemorella.org\/wp-content\/uploads\/2020\/11\/Escudo-Portell-04.jpg","contentUrl":"https:\/\/portelldemorella.org\/wp-content\/uploads\/2020\/11\/Escudo-Portell-04.jpg","width":1001,"height":394,"caption":"Portell de Morella"},"image":{"@id":"https:\/\/portelldemorella.org\/#\/schema\/logo\/image\/"}}]}},"_links":{"self":[{"href":"https:\/\/portelldemorella.org\/ca\/wp-json\/wp\/v2\/pages\/5700","targetHints":{"allow":["GET"]}}],"collection":[{"href":"https:\/\/portelldemorella.org\/ca\/wp-json\/wp\/v2\/pages"}],"about":[{"href":"https:\/\/portelldemorella.org\/ca\/wp-json\/wp\/v2\/types\/page"}],"author":[{"embeddable":true,"href":"https:\/\/portelldemorella.org\/ca\/wp-json\/wp\/v2\/users\/1"}],"replies":[{"embeddable":true,"href":"https:\/\/portelldemorella.org\/ca\/wp-json\/wp\/v2\/comments?post=5700"}],"version-history":[{"count":9,"href":"https:\/\/portelldemorella.org\/ca\/wp-json\/wp\/v2\/pages\/5700\/revisions"}],"predecessor-version":[{"id":6516,"href":"https:\/\/portelldemorella.org\/ca\/wp-json\/wp\/v2\/pages\/5700\/revisions\/6516"}],"wp:attachment":[{"href":"https:\/\/portelldemorella.org\/ca\/wp-json\/wp\/v2\/media?parent=5700"}],"curies":[{"name":"wp","href":"https:\/\/api.w.org\/{rel}","templated":true}]}}