{"id":5727,"date":"2021-06-21T10:46:04","date_gmt":"2021-06-21T10:46:04","guid":{"rendered":"https:\/\/portelldemorella.org\/?page_id=5727"},"modified":"2023-06-09T11:42:06","modified_gmt":"2023-06-09T11:42:06","slug":"pintures-rupestres","status":"publish","type":"page","link":"https:\/\/portelldemorella.org\/ca\/pintures-rupestres\/","title":{"rendered":"Pintures rupestres"},"content":{"rendered":"\t\t<div data-elementor-type=\"wp-page\" data-elementor-id=\"5727\" class=\"elementor elementor-5727\">\n\t\t\t\t\t\t<section class=\"elementor-section elementor-top-section elementor-element elementor-element-52d27fe elementor-section-boxed elementor-section-height-default elementor-section-height-default\" data-id=\"52d27fe\" data-element_type=\"section\">\n\t\t\t\t\t\t<div class=\"elementor-container elementor-column-gap-default\">\n\t\t\t\t\t<div class=\"elementor-column elementor-col-50 elementor-top-column elementor-element elementor-element-ad3ee09\" data-id=\"ad3ee09\" data-element_type=\"column\">\n\t\t\t<div class=\"elementor-widget-wrap elementor-element-populated\">\n\t\t\t\t\t\t<div class=\"elementor-element elementor-element-9176b2f elementor-widget elementor-widget-heading\" data-id=\"9176b2f\" data-element_type=\"widget\" data-widget_type=\"heading.default\">\n\t\t\t\t<div class=\"elementor-widget-container\">\n\t\t\t<h2 class=\"elementor-heading-title elementor-size-default\">Pintures rupestres de l'abric del Mas de la Rambla o N\u00e0ssio<\/h2>\t\t<\/div>\n\t\t\t\t<\/div>\n\t\t\t\t<div class=\"elementor-element elementor-element-3fcefdb elementor-widget elementor-widget-text-editor\" data-id=\"3fcefdb\" data-element_type=\"widget\" data-widget_type=\"text-editor.default\">\n\t\t\t\t<div class=\"elementor-widget-container\">\n\t\t\t\t\t\t\t<h3><span style=\"font-weight: 400;\">El valor d\u2019un paisatge<\/span><\/h3>\n<p><span style=\"font-weight: 400;\">&nbsp;<strong>L\u2019abric del Mas de la Rambla o N\u00e0ssio<\/strong> es troba al terme de Portell de Morella, a 1085 msnm en un meandre del riu de les Truites, <strong>un espai amb grans valors naturals i de gran bellesa paisatg\u00edstica.<\/strong><\/span><\/p>\n<p><span style=\"font-weight: 400;\"><strong>Es conserven dos panells amb 29 motius.<\/strong> Aquests estan molt esva\u00efts, ja que durant prop de 7.000 anys han estat exposats al sol i a uns canvis clim\u00e0tics molt marcats. A les parets podr\u00e0s descobrir 4 animals (2 cabres, 1 c\u00e9rvola i un indeterminat), 19 arquers i les puntes dels dits d\u2019una m\u00e0 esquerra. Una de les cabres, de mida gran, presideix un dels panells. Hi destaquen les dues agrupacions d\u2019arquers que formen dues falanges que caminen en fila \u00edndia enarborant els arcs per damunt dels caps, com celebrant algun esdeveniment.<\/span><\/p>\n<h3><span style=\"font-weight: 400;\">L\u2019empremta dels nostres avantpassats<\/span><\/h3>\n<p><span style=\"font-weight: 400;\"><strong>L\u2019abric del Mas de la Rambla<\/strong> va ser descobert de forma casual cap a l\u2019any 2004 per Ismael Gil Bell\u00e9s -masover del mas de Ferrers de Dalt- i Jacint Cerd\u00e0 Moles -bi\u00f2leg. Tots dos s\u00f3n ve\u00efns de Portell i van fer la troballa mentre passejaven pel terme. El 2010 van ser informats els arque\u00f2legs Francesc X. Duarte i Francisco J. Hern\u00e1ndez, que exploraven el terme per a realitzar un inventari de jaciments arqueol\u00f2gics per a redactar el Pla general d\u2019ordenaci\u00f3 urbana municipal de Portell de Morella i el mar\u00e7 de 2011 l&#8217;arque\u00f2loga In\u00e9s Domingo, especialista en art rupestre prehist\u00f2ric de la UB\/ICREA es va encarregar de confirmar-ne l\u2019autenticitat.<\/span><\/p>\n<p><span style=\"font-weight: 400;\">En el panell trobem la tradici\u00f3 de<strong> l\u2019art rupestre llevant\u00ed i la de l\u2019arc esquem\u00e0tic<\/strong>. \u00c9s interessant la superposici\u00f3 de dues tradicions art\u00edstiques, com tamb\u00e9 la falange d\u2019arquers, que no t\u00e9 quasi paral\u00b7lels en l\u2019art llevant\u00ed. <\/span><\/p>\n<div id=\"mouseposition-extension-element-full-container\" style=\"position: fixed; inset: 0px; pointer-events: none; z-index: 2147483647; font-weight: 400;\">\n<div id=\"mouseposition-extension-element-rect-display\" style=\"display: none; position: absolute; background: rgba(255, 255, 255, 0.7); outline: black solid 1px; font-size: 12px; z-index: 2147483647; justify-content: center; align-items: center; user-select: none; cursor: default; color: #000000; font-family: 'Helvetica Neue', Helvetica, Arial, sans-serif; width: 0px; height: 0px;\">\n<pre style=\"flex: 1 1 0%; text-align: center; background-color: rgba(255, 255, 255, 0.7); color: #000000; min-width: 42px; min-height: 12px; transition: all 1s ease 0s;\">&nbsp;<\/pre>\n<\/div>\n<pre id=\"mouseposition-extension-element-coordinate-display\" style=\"position: absolute; display: none; background: #ffffff; font-size: 12px; line-height: 14px; border-radius: 3px; border-width: 1px; border-color: #222222 black #333333; border-style: solid; padding: 3px; z-index: 2147483647; color: #222222; user-select: none; cursor: default; font-family: 'Helvetica Neue', Helvetica, Arial, sans-serif;\">&nbsp;<\/pre>\n<\/div>\t\t\t\t\t\t<\/div>\n\t\t\t\t<\/div>\n\t\t\t\t\t<\/div>\n\t\t<\/div>\n\t\t\t\t<div class=\"elementor-column elementor-col-50 elementor-top-column elementor-element elementor-element-235f95b\" data-id=\"235f95b\" data-element_type=\"column\">\n\t\t\t<div class=\"elementor-widget-wrap elementor-element-populated\">\n\t\t\t\t\t\t<div class=\"elementor-element elementor-element-60d224d elementor-arrows-position-inside elementor-pagination-position-outside elementor-widget elementor-widget-image-carousel\" data-id=\"60d224d\" data-element_type=\"widget\" data-settings=\"{&quot;navigation&quot;:&quot;both&quot;,&quot;autoplay&quot;:&quot;yes&quot;,&quot;pause_on_hover&quot;:&quot;yes&quot;,&quot;pause_on_interaction&quot;:&quot;yes&quot;,&quot;autoplay_speed&quot;:5000,&quot;infinite&quot;:&quot;yes&quot;,&quot;speed&quot;:500}\" data-widget_type=\"image-carousel.default\">\n\t\t\t\t<div class=\"elementor-widget-container\">\n\t\t\t\t\t<div class=\"elementor-image-carousel-wrapper swiper\" dir=\"ltr\">\n\t\t\t<div class=\"elementor-image-carousel swiper-wrapper\" aria-live=\"off\">\n\t\t\t\t\t\t\t\t<div class=\"swiper-slide\" role=\"group\" aria-roledescription=\"slide\" aria-label=\"1 de 1\"><a data-elementor-open-lightbox=\"yes\" data-elementor-lightbox-slideshow=\"60d224d\" data-elementor-lightbox-title=\"SONY DSC\" data-e-action-hash=\"#elementor-action%3Aaction%3Dlightbox%26settings%3DeyJpZCI6NTkzOSwidXJsIjoiaHR0cHM6XC9cL3BvcnRlbGxkZW1vcmVsbGEub3JnXC93cC1jb250ZW50XC91cGxvYWRzXC8yMDIwXC8wN1wvcGFuZWxsLTEtMS1zY2FsZWQuanBnIiwic2xpZGVzaG93IjoiNjBkMjI0ZCJ9\" href=\"https:\/\/portelldemorella.org\/wp-content\/uploads\/2020\/07\/panell-1-1-scaled.jpg\"><figure class=\"swiper-slide-inner\"><img decoding=\"async\" class=\"swiper-slide-image\" src=\"https:\/\/portelldemorella.org\/wp-content\/uploads\/elementor\/thumbs\/panell-1-1-scaled-q88awg6d4v3940cm52df5v65xye0f8yjsgnp727haw.jpg\" alt=\"SONY DSC\" \/><\/figure><\/a><\/div>\t\t\t<\/div>\n\t\t\t\t\t<\/div>\n\t\t\t\t<\/div>\n\t\t\t\t<\/div>\n\t\t\t\t<div class=\"elementor-element elementor-element-170e54b elementor-arrows-position-inside elementor-pagination-position-outside elementor-widget elementor-widget-image-carousel\" data-id=\"170e54b\" data-element_type=\"widget\" data-settings=\"{&quot;navigation&quot;:&quot;both&quot;,&quot;autoplay&quot;:&quot;yes&quot;,&quot;pause_on_hover&quot;:&quot;yes&quot;,&quot;pause_on_interaction&quot;:&quot;yes&quot;,&quot;autoplay_speed&quot;:5000,&quot;infinite&quot;:&quot;yes&quot;,&quot;speed&quot;:500}\" data-widget_type=\"image-carousel.default\">\n\t\t\t\t<div class=\"elementor-widget-container\">\n\t\t\t\t\t<div class=\"elementor-image-carousel-wrapper swiper\" dir=\"ltr\">\n\t\t\t<div class=\"elementor-image-carousel swiper-wrapper\" aria-live=\"off\">\n\t\t\t\t\t\t\t\t<div class=\"swiper-slide\" role=\"group\" aria-roledescription=\"slide\" aria-label=\"1 de 1\"><a data-elementor-open-lightbox=\"yes\" data-elementor-lightbox-slideshow=\"170e54b\" data-elementor-lightbox-title=\"SONY DSC\" data-e-action-hash=\"#elementor-action%3Aaction%3Dlightbox%26settings%3DeyJpZCI6NTk0MSwidXJsIjoiaHR0cHM6XC9cL3BvcnRlbGxkZW1vcmVsbGEub3JnXC93cC1jb250ZW50XC91cGxvYWRzXC8yMDIwXC8wN1wvYWJyaWMtTWFzLWRlLWxhLVJhbWJsYS0xLXNjYWxlZC5qcGciLCJzbGlkZXNob3ciOiIxNzBlNTRiIn0%3D\" href=\"https:\/\/portelldemorella.org\/wp-content\/uploads\/2020\/07\/abric-Mas-de-la-Rambla-1-scaled.jpg\"><figure class=\"swiper-slide-inner\"><img decoding=\"async\" class=\"swiper-slide-image\" src=\"https:\/\/portelldemorella.org\/wp-content\/uploads\/elementor\/thumbs\/abric-Mas-de-la-Rambla-1-scaled-q88amaj5ab6pnp3qg6bjpxfuv2g88zmyq6vtif9mjc.jpg\" alt=\"SONY DSC\" \/><\/figure><\/a><\/div>\t\t\t<\/div>\n\t\t\t\t\t<\/div>\n\t\t\t\t<\/div>\n\t\t\t\t<\/div>\n\t\t\t\t<div class=\"elementor-element elementor-element-0f1765a elementor-widget elementor-widget-spacer\" data-id=\"0f1765a\" data-element_type=\"widget\" data-widget_type=\"spacer.default\">\n\t\t\t\t<div class=\"elementor-widget-container\">\n\t\t\t\t\t<div class=\"elementor-spacer\">\n\t\t\t<div class=\"elementor-spacer-inner\"><\/div>\n\t\t<\/div>\n\t\t\t\t<\/div>\n\t\t\t\t<\/div>\n\t\t\t\t\t<\/div>\n\t\t<\/div>\n\t\t\t\t\t<\/div>\n\t\t<\/section>\n\t\t\t\t<section class=\"elementor-section elementor-top-section elementor-element elementor-element-87fb29f elementor-section-boxed elementor-section-height-default elementor-section-height-default\" data-id=\"87fb29f\" data-element_type=\"section\">\n\t\t\t\t\t\t<div class=\"elementor-container elementor-column-gap-default\">\n\t\t\t\t\t<div class=\"elementor-column elementor-col-100 elementor-top-column elementor-element elementor-element-4760a07\" data-id=\"4760a07\" data-element_type=\"column\">\n\t\t\t<div class=\"elementor-widget-wrap elementor-element-populated\">\n\t\t\t\t\t\t<div class=\"elementor-element elementor-element-06bd6bd elementor-widget elementor-widget-spacer\" data-id=\"06bd6bd\" data-element_type=\"widget\" data-widget_type=\"spacer.default\">\n\t\t\t\t<div class=\"elementor-widget-container\">\n\t\t\t\t\t<div class=\"elementor-spacer\">\n\t\t\t<div class=\"elementor-spacer-inner\"><\/div>\n\t\t<\/div>\n\t\t\t\t<\/div>\n\t\t\t\t<\/div>\n\t\t\t\t\t<\/div>\n\t\t<\/div>\n\t\t\t\t\t<\/div>\n\t\t<\/section>\n\t\t\t\t<\/div>\n\t\t","protected":false},"excerpt":{"rendered":"<p>Pintures rupestres de l&#8217;abric del Mas de la Rambla o N\u00e0ssio El valor d\u2019un paisatge &nbsp;L\u2019abric del Mas de la Rambla o N\u00e0ssio es troba al terme de Portell de Morella, a 1085 msnm en un meandre del riu de les Truites, un espai amb grans valors naturals i de gran bellesa paisatg\u00edstica. Es conserven [&hellip;]<\/p>\n","protected":false},"author":1,"featured_media":0,"parent":0,"menu_order":0,"comment_status":"closed","ping_status":"closed","template":"","meta":{"footnotes":""},"class_list":["post-5727","page","type-page","status-publish","hentry"],"yoast_head":"<!-- This site is optimized with the Yoast SEO plugin v24.4 - https:\/\/yoast.com\/wordpress\/plugins\/seo\/ -->\n<title>Pintures rupestres - Portell de Morella<\/title>\n<meta name=\"robots\" content=\"noindex, follow, max-snippet:-1, max-image-preview:large, max-video-preview:-1\" \/>\n<meta property=\"og:locale\" content=\"ca_ES\" \/>\n<meta property=\"og:type\" content=\"article\" \/>\n<meta property=\"og:title\" content=\"Pintures rupestres - Portell de Morella\" \/>\n<meta property=\"og:description\" content=\"Pintures rupestres de l&#8217;abric del Mas de la Rambla o N\u00e0ssio El valor d\u2019un paisatge &nbsp;L\u2019abric del Mas de la Rambla o N\u00e0ssio es troba al terme de Portell de Morella, a 1085 msnm en un meandre del riu de les Truites, un espai amb grans valors naturals i de gran bellesa paisatg\u00edstica. Es conserven [&hellip;]\" \/>\n<meta property=\"og:url\" content=\"https:\/\/portelldemorella.org\/ca\/pintures-rupestres\/\" \/>\n<meta property=\"og:site_name\" content=\"Portell de Morella\" \/>\n<meta property=\"article:modified_time\" content=\"2023-06-09T11:42:06+00:00\" \/>\n<meta property=\"og:image\" content=\"https:\/\/portelldemorella.org\/wp-content\/uploads\/elementor\/thumbs\/panell-1-1-scaled-pmyw3esqwws7jqj8yrgd8b1mo98clnrb5s0i6oipg8.jpg\" \/>\n<meta name=\"twitter:card\" content=\"summary_large_image\" \/>\n<meta name=\"twitter:label1\" content=\"Temps estimat de lectura\" \/>\n\t<meta name=\"twitter:data1\" content=\"2 minuts\" \/>\n<script type=\"application\/ld+json\" class=\"yoast-schema-graph\">{\"@context\":\"https:\/\/schema.org\",\"@graph\":[{\"@type\":\"WebPage\",\"@id\":\"https:\/\/portelldemorella.org\/ca\/pintures-rupestres\/\",\"url\":\"https:\/\/portelldemorella.org\/ca\/pintures-rupestres\/\",\"name\":\"Pintures rupestres - Portell de Morella\",\"isPartOf\":{\"@id\":\"https:\/\/portelldemorella.org\/#website\"},\"primaryImageOfPage\":{\"@id\":\"https:\/\/portelldemorella.org\/ca\/pintures-rupestres\/#primaryimage\"},\"image\":{\"@id\":\"https:\/\/portelldemorella.org\/ca\/pintures-rupestres\/#primaryimage\"},\"thumbnailUrl\":\"https:\/\/portelldemorella.org\/wp-content\/uploads\/elementor\/thumbs\/panell-1-1-scaled-pmyw3esqwws7jqj8yrgd8b1mo98clnrb5s0i6oipg8.jpg\",\"datePublished\":\"2021-06-21T10:46:04+00:00\",\"dateModified\":\"2023-06-09T11:42:06+00:00\",\"breadcrumb\":{\"@id\":\"https:\/\/portelldemorella.org\/ca\/pintures-rupestres\/#breadcrumb\"},\"inLanguage\":\"ca\",\"potentialAction\":[{\"@type\":\"ReadAction\",\"target\":[\"https:\/\/portelldemorella.org\/ca\/pintures-rupestres\/\"]}]},{\"@type\":\"ImageObject\",\"inLanguage\":\"ca\",\"@id\":\"https:\/\/portelldemorella.org\/ca\/pintures-rupestres\/#primaryimage\",\"url\":\"https:\/\/portelldemorella.org\/wp-content\/uploads\/elementor\/thumbs\/panell-1-1-scaled-pmyw3esqwws7jqj8yrgd8b1mo98clnrb5s0i6oipg8.jpg\",\"contentUrl\":\"https:\/\/portelldemorella.org\/wp-content\/uploads\/elementor\/thumbs\/panell-1-1-scaled-pmyw3esqwws7jqj8yrgd8b1mo98clnrb5s0i6oipg8.jpg\"},{\"@type\":\"BreadcrumbList\",\"@id\":\"https:\/\/portelldemorella.org\/ca\/pintures-rupestres\/#breadcrumb\",\"itemListElement\":[{\"@type\":\"ListItem\",\"position\":1,\"name\":\"Portada\",\"item\":\"https:\/\/portelldemorella.org\/ca\/\"},{\"@type\":\"ListItem\",\"position\":2,\"name\":\"Pintures rupestres\"}]},{\"@type\":\"WebSite\",\"@id\":\"https:\/\/portelldemorella.org\/#website\",\"url\":\"https:\/\/portelldemorella.org\/\",\"name\":\"Portell de Morella\",\"description\":\"Web del Ayuntamiento de Portell de Morella\",\"publisher\":{\"@id\":\"https:\/\/portelldemorella.org\/#organization\"},\"potentialAction\":[{\"@type\":\"SearchAction\",\"target\":{\"@type\":\"EntryPoint\",\"urlTemplate\":\"https:\/\/portelldemorella.org\/?s={search_term_string}\"},\"query-input\":{\"@type\":\"PropertyValueSpecification\",\"valueRequired\":true,\"valueName\":\"search_term_string\"}}],\"inLanguage\":\"ca\"},{\"@type\":\"Organization\",\"@id\":\"https:\/\/portelldemorella.org\/#organization\",\"name\":\"Portell de Morella\",\"url\":\"https:\/\/portelldemorella.org\/\",\"logo\":{\"@type\":\"ImageObject\",\"inLanguage\":\"ca\",\"@id\":\"https:\/\/portelldemorella.org\/#\/schema\/logo\/image\/\",\"url\":\"https:\/\/portelldemorella.org\/wp-content\/uploads\/2020\/11\/Escudo-Portell-04.jpg\",\"contentUrl\":\"https:\/\/portelldemorella.org\/wp-content\/uploads\/2020\/11\/Escudo-Portell-04.jpg\",\"width\":1001,\"height\":394,\"caption\":\"Portell de Morella\"},\"image\":{\"@id\":\"https:\/\/portelldemorella.org\/#\/schema\/logo\/image\/\"}}]}<\/script>\n<!-- \/ Yoast SEO plugin. -->","yoast_head_json":{"title":"Pintures rupestres - Portell de Morella","robots":{"index":"noindex","follow":"follow","max-snippet":"max-snippet:-1","max-image-preview":"max-image-preview:large","max-video-preview":"max-video-preview:-1"},"og_locale":"ca_ES","og_type":"article","og_title":"Pintures rupestres - Portell de Morella","og_description":"Pintures rupestres de l&#8217;abric del Mas de la Rambla o N\u00e0ssio El valor d\u2019un paisatge &nbsp;L\u2019abric del Mas de la Rambla o N\u00e0ssio es troba al terme de Portell de Morella, a 1085 msnm en un meandre del riu de les Truites, un espai amb grans valors naturals i de gran bellesa paisatg\u00edstica. Es conserven [&hellip;]","og_url":"https:\/\/portelldemorella.org\/ca\/pintures-rupestres\/","og_site_name":"Portell de Morella","article_modified_time":"2023-06-09T11:42:06+00:00","og_image":[{"url":"https:\/\/portelldemorella.org\/wp-content\/uploads\/elementor\/thumbs\/panell-1-1-scaled-pmyw3esqwws7jqj8yrgd8b1mo98clnrb5s0i6oipg8.jpg","type":"","width":"","height":""}],"twitter_card":"summary_large_image","twitter_misc":{"Temps estimat de lectura":"2 minuts"},"schema":{"@context":"https:\/\/schema.org","@graph":[{"@type":"WebPage","@id":"https:\/\/portelldemorella.org\/ca\/pintures-rupestres\/","url":"https:\/\/portelldemorella.org\/ca\/pintures-rupestres\/","name":"Pintures rupestres - Portell de Morella","isPartOf":{"@id":"https:\/\/portelldemorella.org\/#website"},"primaryImageOfPage":{"@id":"https:\/\/portelldemorella.org\/ca\/pintures-rupestres\/#primaryimage"},"image":{"@id":"https:\/\/portelldemorella.org\/ca\/pintures-rupestres\/#primaryimage"},"thumbnailUrl":"https:\/\/portelldemorella.org\/wp-content\/uploads\/elementor\/thumbs\/panell-1-1-scaled-pmyw3esqwws7jqj8yrgd8b1mo98clnrb5s0i6oipg8.jpg","datePublished":"2021-06-21T10:46:04+00:00","dateModified":"2023-06-09T11:42:06+00:00","breadcrumb":{"@id":"https:\/\/portelldemorella.org\/ca\/pintures-rupestres\/#breadcrumb"},"inLanguage":"ca","potentialAction":[{"@type":"ReadAction","target":["https:\/\/portelldemorella.org\/ca\/pintures-rupestres\/"]}]},{"@type":"ImageObject","inLanguage":"ca","@id":"https:\/\/portelldemorella.org\/ca\/pintures-rupestres\/#primaryimage","url":"https:\/\/portelldemorella.org\/wp-content\/uploads\/elementor\/thumbs\/panell-1-1-scaled-pmyw3esqwws7jqj8yrgd8b1mo98clnrb5s0i6oipg8.jpg","contentUrl":"https:\/\/portelldemorella.org\/wp-content\/uploads\/elementor\/thumbs\/panell-1-1-scaled-pmyw3esqwws7jqj8yrgd8b1mo98clnrb5s0i6oipg8.jpg"},{"@type":"BreadcrumbList","@id":"https:\/\/portelldemorella.org\/ca\/pintures-rupestres\/#breadcrumb","itemListElement":[{"@type":"ListItem","position":1,"name":"Portada","item":"https:\/\/portelldemorella.org\/ca\/"},{"@type":"ListItem","position":2,"name":"Pintures rupestres"}]},{"@type":"WebSite","@id":"https:\/\/portelldemorella.org\/#website","url":"https:\/\/portelldemorella.org\/","name":"Portell de Morella","description":"Web del Ayuntamiento de Portell de Morella","publisher":{"@id":"https:\/\/portelldemorella.org\/#organization"},"potentialAction":[{"@type":"SearchAction","target":{"@type":"EntryPoint","urlTemplate":"https:\/\/portelldemorella.org\/?s={search_term_string}"},"query-input":{"@type":"PropertyValueSpecification","valueRequired":true,"valueName":"search_term_string"}}],"inLanguage":"ca"},{"@type":"Organization","@id":"https:\/\/portelldemorella.org\/#organization","name":"Portell de Morella","url":"https:\/\/portelldemorella.org\/","logo":{"@type":"ImageObject","inLanguage":"ca","@id":"https:\/\/portelldemorella.org\/#\/schema\/logo\/image\/","url":"https:\/\/portelldemorella.org\/wp-content\/uploads\/2020\/11\/Escudo-Portell-04.jpg","contentUrl":"https:\/\/portelldemorella.org\/wp-content\/uploads\/2020\/11\/Escudo-Portell-04.jpg","width":1001,"height":394,"caption":"Portell de Morella"},"image":{"@id":"https:\/\/portelldemorella.org\/#\/schema\/logo\/image\/"}}]}},"_links":{"self":[{"href":"https:\/\/portelldemorella.org\/ca\/wp-json\/wp\/v2\/pages\/5727","targetHints":{"allow":["GET"]}}],"collection":[{"href":"https:\/\/portelldemorella.org\/ca\/wp-json\/wp\/v2\/pages"}],"about":[{"href":"https:\/\/portelldemorella.org\/ca\/wp-json\/wp\/v2\/types\/page"}],"author":[{"embeddable":true,"href":"https:\/\/portelldemorella.org\/ca\/wp-json\/wp\/v2\/users\/1"}],"replies":[{"embeddable":true,"href":"https:\/\/portelldemorella.org\/ca\/wp-json\/wp\/v2\/comments?post=5727"}],"version-history":[{"count":11,"href":"https:\/\/portelldemorella.org\/ca\/wp-json\/wp\/v2\/pages\/5727\/revisions"}],"predecessor-version":[{"id":7711,"href":"https:\/\/portelldemorella.org\/ca\/wp-json\/wp\/v2\/pages\/5727\/revisions\/7711"}],"wp:attachment":[{"href":"https:\/\/portelldemorella.org\/ca\/wp-json\/wp\/v2\/media?parent=5727"}],"curies":[{"name":"wp","href":"https:\/\/api.w.org\/{rel}","templated":true}]}}