{"id":6094,"date":"2021-07-09T10:43:51","date_gmt":"2021-07-09T10:43:51","guid":{"rendered":"https:\/\/portelldemorella.org\/?page_id=6094"},"modified":"2021-10-06T12:16:03","modified_gmt":"2021-10-06T12:16:03","slug":"whatsapp","status":"publish","type":"page","link":"https:\/\/portelldemorella.org\/ca\/whatsapp\/","title":{"rendered":"Whatsapp"},"content":{"rendered":"\t\t<div data-elementor-type=\"wp-page\" data-elementor-id=\"6094\" class=\"elementor elementor-6094\">\n\t\t\t\t\t\t<section class=\"elementor-section elementor-top-section elementor-element elementor-element-5ac86d1 elementor-section-boxed elementor-section-height-default elementor-section-height-default\" data-id=\"5ac86d1\" data-element_type=\"section\">\n\t\t\t\t\t\t<div class=\"elementor-container elementor-column-gap-default\">\n\t\t\t\t\t<div class=\"elementor-column elementor-col-33 elementor-top-column elementor-element elementor-element-655802a\" data-id=\"655802a\" data-element_type=\"column\">\n\t\t\t<div class=\"elementor-widget-wrap elementor-element-populated\">\n\t\t\t\t\t\t<div class=\"elementor-element elementor-element-8798e57 elementor-widget elementor-widget-text-editor\" data-id=\"8798e57\" data-element_type=\"widget\" data-widget_type=\"text-editor.default\">\n\t\t\t\t<div class=\"elementor-widget-container\">\n\t\t\t\t\t\t\t<h3><span style=\"font-weight: 400;\"><strong>PORTELL INFORMA<\/strong><\/span><\/h3><p><span style=\"font-weight: 400;\">Llista de Difusi\u00f3 d\u2019Informaci\u00f3 Municipal de Portell<\/span><\/p><h4><strong>Per a donar-se d\u2019ALTA:<\/strong><\/h4><ol><li style=\"font-weight: 400;\" aria-level=\"1\"><span style=\"font-weight: 400;\"><span style=\"font-weight: 400;\">Enviar un missatge de Whatsapp al 652823545 amb el NOM + DNI + ALTA.<br \/><br \/><\/span><\/span><\/li><li style=\"font-weight: 400;\" aria-level=\"1\"><span style=\"font-weight: 400;\"><span style=\"font-weight: 400;\">Incorporar a l\u2019agenda del tel\u00e8fon el n\u00famero 652823545 com un contacte m\u00e9s.<br \/><br \/><\/span><\/span><\/li><li style=\"font-weight: 400;\" aria-level=\"1\"><span style=\"font-weight: 400;\">Aquest n\u00famero de tel\u00e8fon \u00e9s de difusi\u00f3 nom\u00e9s. No admet cridades ni es contesten Whatsapps individuals.<\/span><\/li><\/ol>\t\t\t\t\t\t<\/div>\n\t\t\t\t<\/div>\n\t\t\t\t\t<\/div>\n\t\t<\/div>\n\t\t\t\t<div class=\"elementor-column elementor-col-66 elementor-top-column elementor-element elementor-element-1c514ff\" data-id=\"1c514ff\" data-element_type=\"column\">\n\t\t\t<div class=\"elementor-widget-wrap elementor-element-populated\">\n\t\t\t\t\t\t<div class=\"elementor-element elementor-element-31ab995 elementor-arrows-position-inside elementor-pagination-position-outside elementor-widget elementor-widget-image-carousel\" data-id=\"31ab995\" data-element_type=\"widget\" data-settings=\"{&quot;slides_to_show&quot;:&quot;1&quot;,&quot;navigation&quot;:&quot;both&quot;,&quot;autoplay&quot;:&quot;yes&quot;,&quot;pause_on_hover&quot;:&quot;yes&quot;,&quot;pause_on_interaction&quot;:&quot;yes&quot;,&quot;autoplay_speed&quot;:5000,&quot;infinite&quot;:&quot;yes&quot;,&quot;effect&quot;:&quot;slide&quot;,&quot;speed&quot;:500}\" data-widget_type=\"image-carousel.default\">\n\t\t\t\t<div class=\"elementor-widget-container\">\n\t\t\t\t\t<div class=\"elementor-image-carousel-wrapper swiper\" dir=\"ltr\">\n\t\t\t<div class=\"elementor-image-carousel swiper-wrapper\" aria-live=\"off\">\n\t\t\t\t\t\t\t\t<div class=\"swiper-slide\" role=\"group\" aria-roledescription=\"slide\" aria-label=\"1 de 1\"><a data-elementor-open-lightbox=\"yes\" data-elementor-lightbox-slideshow=\"31ab995\" data-elementor-lightbox-title=\"Whatsapp Portell\" data-e-action-hash=\"#elementor-action%3Aaction%3Dlightbox%26settings%3DeyJpZCI6NjA5MywidXJsIjoiaHR0cHM6XC9cL3BvcnRlbGxkZW1vcmVsbGEub3JnXC93cC1jb250ZW50XC91cGxvYWRzXC8yMDIxXC8wN1wvV2hhdHNhcHAtUG9ydGVsbC5wbmciLCJzbGlkZXNob3ciOiIzMWFiOTk1In0%3D\" href=\"https:\/\/portelldemorella.org\/wp-content\/uploads\/2021\/07\/Whatsapp-Portell.png\"><figure class=\"swiper-slide-inner\"><img decoding=\"async\" class=\"swiper-slide-image\" src=\"https:\/\/portelldemorella.org\/wp-content\/uploads\/2021\/07\/Whatsapp-Portell.png\" alt=\"Whatsapp Portell\" \/><\/figure><\/a><\/div>\t\t\t<\/div>\n\t\t\t\t\t<\/div>\n\t\t\t\t<\/div>\n\t\t\t\t<\/div>\n\t\t\t\t\t<\/div>\n\t\t<\/div>\n\t\t\t\t\t<\/div>\n\t\t<\/section>\n\t\t\t\t<\/div>\n\t\t","protected":false},"excerpt":{"rendered":"<p>PORTELL INFORMA Llista de Difusi\u00f3 d\u2019Informaci\u00f3 Municipal de Portell Per a donar-se d\u2019ALTA: Enviar un missatge de Whatsapp al 652823545 amb el NOM + DNI + ALTA. Incorporar a l\u2019agenda del tel\u00e8fon el n\u00famero 652823545 com un contacte m\u00e9s. Aquest n\u00famero de tel\u00e8fon \u00e9s de difusi\u00f3 nom\u00e9s. No admet cridades ni es contesten Whatsapps individuals.<\/p>\n","protected":false},"author":1,"featured_media":0,"parent":0,"menu_order":0,"comment_status":"closed","ping_status":"closed","template":"","meta":{"footnotes":""},"class_list":["post-6094","page","type-page","status-publish","hentry"],"yoast_head":"<!-- This site is optimized with the Yoast SEO plugin v24.4 - https:\/\/yoast.com\/wordpress\/plugins\/seo\/ -->\n<title>Whatsapp - Portell de Morella<\/title>\n<meta name=\"robots\" content=\"noindex, follow, max-snippet:-1, max-image-preview:large, max-video-preview:-1\" \/>\n<meta property=\"og:locale\" content=\"ca_ES\" \/>\n<meta property=\"og:type\" content=\"article\" \/>\n<meta property=\"og:title\" content=\"Whatsapp - Portell de Morella\" \/>\n<meta property=\"og:description\" content=\"PORTELL INFORMA Llista de Difusi\u00f3 d\u2019Informaci\u00f3 Municipal de Portell Per a donar-se d\u2019ALTA: Enviar un missatge de Whatsapp al 652823545 amb el NOM + DNI + ALTA. Incorporar a l\u2019agenda del tel\u00e8fon el n\u00famero 652823545 com un contacte m\u00e9s. Aquest n\u00famero de tel\u00e8fon \u00e9s de difusi\u00f3 nom\u00e9s. No admet cridades ni es contesten Whatsapps individuals.\" \/>\n<meta property=\"og:url\" content=\"https:\/\/portelldemorella.org\/ca\/whatsapp\/\" \/>\n<meta property=\"og:site_name\" content=\"Portell de Morella\" \/>\n<meta property=\"article:modified_time\" content=\"2021-10-06T12:16:03+00:00\" \/>\n<meta property=\"og:image\" content=\"https:\/\/portelldemorella.org\/wp-content\/uploads\/2021\/07\/Whatsapp-Portell.png\" \/>\n<meta name=\"twitter:card\" content=\"summary_large_image\" \/>\n<meta name=\"twitter:label1\" content=\"Temps estimat de lectura\" \/>\n\t<meta name=\"twitter:data1\" content=\"1 minut\" \/>\n<script type=\"application\/ld+json\" class=\"yoast-schema-graph\">{\"@context\":\"https:\/\/schema.org\",\"@graph\":[{\"@type\":\"WebPage\",\"@id\":\"https:\/\/portelldemorella.org\/ca\/whatsapp\/\",\"url\":\"https:\/\/portelldemorella.org\/ca\/whatsapp\/\",\"name\":\"Whatsapp - Portell de Morella\",\"isPartOf\":{\"@id\":\"https:\/\/portelldemorella.org\/#website\"},\"primaryImageOfPage\":{\"@id\":\"https:\/\/portelldemorella.org\/ca\/whatsapp\/#primaryimage\"},\"image\":{\"@id\":\"https:\/\/portelldemorella.org\/ca\/whatsapp\/#primaryimage\"},\"thumbnailUrl\":\"https:\/\/portelldemorella.org\/wp-content\/uploads\/2021\/07\/Whatsapp-Portell.png\",\"datePublished\":\"2021-07-09T10:43:51+00:00\",\"dateModified\":\"2021-10-06T12:16:03+00:00\",\"breadcrumb\":{\"@id\":\"https:\/\/portelldemorella.org\/ca\/whatsapp\/#breadcrumb\"},\"inLanguage\":\"ca\",\"potentialAction\":[{\"@type\":\"ReadAction\",\"target\":[\"https:\/\/portelldemorella.org\/ca\/whatsapp\/\"]}]},{\"@type\":\"ImageObject\",\"inLanguage\":\"ca\",\"@id\":\"https:\/\/portelldemorella.org\/ca\/whatsapp\/#primaryimage\",\"url\":\"https:\/\/portelldemorella.org\/wp-content\/uploads\/2021\/07\/Whatsapp-Portell.png\",\"contentUrl\":\"https:\/\/portelldemorella.org\/wp-content\/uploads\/2021\/07\/Whatsapp-Portell.png\"},{\"@type\":\"BreadcrumbList\",\"@id\":\"https:\/\/portelldemorella.org\/ca\/whatsapp\/#breadcrumb\",\"itemListElement\":[{\"@type\":\"ListItem\",\"position\":1,\"name\":\"Portada\",\"item\":\"https:\/\/portelldemorella.org\/ca\/\"},{\"@type\":\"ListItem\",\"position\":2,\"name\":\"Whatsapp\"}]},{\"@type\":\"WebSite\",\"@id\":\"https:\/\/portelldemorella.org\/#website\",\"url\":\"https:\/\/portelldemorella.org\/\",\"name\":\"Portell de Morella\",\"description\":\"Web del Ayuntamiento de Portell de Morella\",\"publisher\":{\"@id\":\"https:\/\/portelldemorella.org\/#organization\"},\"potentialAction\":[{\"@type\":\"SearchAction\",\"target\":{\"@type\":\"EntryPoint\",\"urlTemplate\":\"https:\/\/portelldemorella.org\/?s={search_term_string}\"},\"query-input\":{\"@type\":\"PropertyValueSpecification\",\"valueRequired\":true,\"valueName\":\"search_term_string\"}}],\"inLanguage\":\"ca\"},{\"@type\":\"Organization\",\"@id\":\"https:\/\/portelldemorella.org\/#organization\",\"name\":\"Portell de Morella\",\"url\":\"https:\/\/portelldemorella.org\/\",\"logo\":{\"@type\":\"ImageObject\",\"inLanguage\":\"ca\",\"@id\":\"https:\/\/portelldemorella.org\/#\/schema\/logo\/image\/\",\"url\":\"https:\/\/portelldemorella.org\/wp-content\/uploads\/2020\/11\/Escudo-Portell-04.jpg\",\"contentUrl\":\"https:\/\/portelldemorella.org\/wp-content\/uploads\/2020\/11\/Escudo-Portell-04.jpg\",\"width\":1001,\"height\":394,\"caption\":\"Portell de Morella\"},\"image\":{\"@id\":\"https:\/\/portelldemorella.org\/#\/schema\/logo\/image\/\"}}]}<\/script>\n<!-- \/ Yoast SEO plugin. -->","yoast_head_json":{"title":"Whatsapp - Portell de Morella","robots":{"index":"noindex","follow":"follow","max-snippet":"max-snippet:-1","max-image-preview":"max-image-preview:large","max-video-preview":"max-video-preview:-1"},"og_locale":"ca_ES","og_type":"article","og_title":"Whatsapp - Portell de Morella","og_description":"PORTELL INFORMA Llista de Difusi\u00f3 d\u2019Informaci\u00f3 Municipal de Portell Per a donar-se d\u2019ALTA: Enviar un missatge de Whatsapp al 652823545 amb el NOM + DNI + ALTA. Incorporar a l\u2019agenda del tel\u00e8fon el n\u00famero 652823545 com un contacte m\u00e9s. Aquest n\u00famero de tel\u00e8fon \u00e9s de difusi\u00f3 nom\u00e9s. No admet cridades ni es contesten Whatsapps individuals.","og_url":"https:\/\/portelldemorella.org\/ca\/whatsapp\/","og_site_name":"Portell de Morella","article_modified_time":"2021-10-06T12:16:03+00:00","og_image":[{"url":"https:\/\/portelldemorella.org\/wp-content\/uploads\/2021\/07\/Whatsapp-Portell.png","type":"","width":"","height":""}],"twitter_card":"summary_large_image","twitter_misc":{"Temps estimat de lectura":"1 minut"},"schema":{"@context":"https:\/\/schema.org","@graph":[{"@type":"WebPage","@id":"https:\/\/portelldemorella.org\/ca\/whatsapp\/","url":"https:\/\/portelldemorella.org\/ca\/whatsapp\/","name":"Whatsapp - Portell de Morella","isPartOf":{"@id":"https:\/\/portelldemorella.org\/#website"},"primaryImageOfPage":{"@id":"https:\/\/portelldemorella.org\/ca\/whatsapp\/#primaryimage"},"image":{"@id":"https:\/\/portelldemorella.org\/ca\/whatsapp\/#primaryimage"},"thumbnailUrl":"https:\/\/portelldemorella.org\/wp-content\/uploads\/2021\/07\/Whatsapp-Portell.png","datePublished":"2021-07-09T10:43:51+00:00","dateModified":"2021-10-06T12:16:03+00:00","breadcrumb":{"@id":"https:\/\/portelldemorella.org\/ca\/whatsapp\/#breadcrumb"},"inLanguage":"ca","potentialAction":[{"@type":"ReadAction","target":["https:\/\/portelldemorella.org\/ca\/whatsapp\/"]}]},{"@type":"ImageObject","inLanguage":"ca","@id":"https:\/\/portelldemorella.org\/ca\/whatsapp\/#primaryimage","url":"https:\/\/portelldemorella.org\/wp-content\/uploads\/2021\/07\/Whatsapp-Portell.png","contentUrl":"https:\/\/portelldemorella.org\/wp-content\/uploads\/2021\/07\/Whatsapp-Portell.png"},{"@type":"BreadcrumbList","@id":"https:\/\/portelldemorella.org\/ca\/whatsapp\/#breadcrumb","itemListElement":[{"@type":"ListItem","position":1,"name":"Portada","item":"https:\/\/portelldemorella.org\/ca\/"},{"@type":"ListItem","position":2,"name":"Whatsapp"}]},{"@type":"WebSite","@id":"https:\/\/portelldemorella.org\/#website","url":"https:\/\/portelldemorella.org\/","name":"Portell de Morella","description":"Web del Ayuntamiento de Portell de Morella","publisher":{"@id":"https:\/\/portelldemorella.org\/#organization"},"potentialAction":[{"@type":"SearchAction","target":{"@type":"EntryPoint","urlTemplate":"https:\/\/portelldemorella.org\/?s={search_term_string}"},"query-input":{"@type":"PropertyValueSpecification","valueRequired":true,"valueName":"search_term_string"}}],"inLanguage":"ca"},{"@type":"Organization","@id":"https:\/\/portelldemorella.org\/#organization","name":"Portell de Morella","url":"https:\/\/portelldemorella.org\/","logo":{"@type":"ImageObject","inLanguage":"ca","@id":"https:\/\/portelldemorella.org\/#\/schema\/logo\/image\/","url":"https:\/\/portelldemorella.org\/wp-content\/uploads\/2020\/11\/Escudo-Portell-04.jpg","contentUrl":"https:\/\/portelldemorella.org\/wp-content\/uploads\/2020\/11\/Escudo-Portell-04.jpg","width":1001,"height":394,"caption":"Portell de Morella"},"image":{"@id":"https:\/\/portelldemorella.org\/#\/schema\/logo\/image\/"}}]}},"_links":{"self":[{"href":"https:\/\/portelldemorella.org\/ca\/wp-json\/wp\/v2\/pages\/6094","targetHints":{"allow":["GET"]}}],"collection":[{"href":"https:\/\/portelldemorella.org\/ca\/wp-json\/wp\/v2\/pages"}],"about":[{"href":"https:\/\/portelldemorella.org\/ca\/wp-json\/wp\/v2\/types\/page"}],"author":[{"embeddable":true,"href":"https:\/\/portelldemorella.org\/ca\/wp-json\/wp\/v2\/users\/1"}],"replies":[{"embeddable":true,"href":"https:\/\/portelldemorella.org\/ca\/wp-json\/wp\/v2\/comments?post=6094"}],"version-history":[{"count":14,"href":"https:\/\/portelldemorella.org\/ca\/wp-json\/wp\/v2\/pages\/6094\/revisions"}],"predecessor-version":[{"id":6756,"href":"https:\/\/portelldemorella.org\/ca\/wp-json\/wp\/v2\/pages\/6094\/revisions\/6756"}],"wp:attachment":[{"href":"https:\/\/portelldemorella.org\/ca\/wp-json\/wp\/v2\/media?parent=6094"}],"curies":[{"name":"wp","href":"https:\/\/api.w.org\/{rel}","templated":true}]}}