{"id":6206,"date":"2021-07-12T10:51:45","date_gmt":"2021-07-12T10:51:45","guid":{"rendered":"https:\/\/portelldemorella.org\/?page_id=6206"},"modified":"2021-07-12T11:17:42","modified_gmt":"2021-07-12T11:17:42","slug":"politica-de-cookies","status":"publish","type":"page","link":"https:\/\/portelldemorella.org\/ca\/politica-de-cookies\/","title":{"rendered":"Pol\u00edtica de Cookies"},"content":{"rendered":"\n<p>Una cookie es un fichero que se descarga en tu ordenador, tu smartphone, tu tablet, etc, al acceder a determinadas p\u00e1ginas web para almacenar y recuperar informaci\u00f3n sobre la navegaci\u00f3n que se efect\u00faa desde dicho equipo.<\/p>\n\n\n\n<p>Las cookies son esenciales para el funcionamiento de internet, aportando innumerables ventajas en la prestaci\u00f3n de servicios interactivos, facilit\u00e1ndole la navegaci\u00f3n y usabilidad de nuestra web. Tenga en cuenta que las cookies no pueden da\u00f1ar su equipo y que, a cambio, el que est\u00e9n activadas nos ayudan a identificar y resolver los errores.<\/p>\n\n\n\n<h2 class=\"wp-block-heading\">\u00bfQu\u00e9 cookies usamos en esta web municipal?<\/h2>\n\n\n\n<p>Cookies de sesi\u00f3n: son cookies temporales que permanecen en el archivo de cookies de su navegador hasta que abandonas la p\u00e1gina web d\u00e1ndole click a &#8220;Salir&#8221;, por lo que ninguna queda registrada en el disco duro del usuario. La informaci\u00f3n obtenida por medio de estas cookies, sirven para analizar pautas de tr\u00e1fico en la web. A la larga, esto nos permite proporcionar una mejor experiencia para mejorar el contenido y facilitando su uso.<\/p>\n\n\n\n<h2 class=\"wp-block-heading\">Desactivaci\u00f3n de las cookies<\/h2>\n\n\n\n<p>La mayor\u00eda de navegadores web permite gestionar, en cualquier momento, las preferencias del usuario sobre el uso de las cookies. Usted puede cambiar la configuraci\u00f3n de cookies en cualquier momento, configurando su navegador a trav\u00e9s de las opciones que cada fabricante facilita para aceptar, o no, las cookies que recibe o para que el navegador le avise cuando un servidor quiera guardar una cookie:<\/p>\n\n\n\n<p>Si rechaza todas las cookies, es posible que no pueda utilizar productos o servicios que requieran &#8220;iniciar sesi\u00f3n&#8221; ni aprovechar por completo todo lo que ofrece.<\/p>\n\n\n\n<p>Enlaces o indicaciones de los fabricantes de dispositivos y navegadores para la gesti\u00f3n o desactivaci\u00f3n de cookies en su navegador:<\/p>\n\n\n\n<p>Para Internet Explorer:<\/p>\n\n\n\n<p>http:\/\/windows.microsoft.com\/es-es\/windows7\/how-to-manage-cookies-in-internet-explorer-9<\/p>\n\n\n\n<p>Para Chrome:<\/p>\n\n\n\n<figure class=\"wp-block-embed\"><div class=\"wp-block-embed__wrapper\">\nhttps:\/\/support.google.com\/chrome\/answer\/95647?hl=es\n<\/div><\/figure>\n\n\n\n<p>Para Safari:<\/p>\n\n\n\n<p>Edici\u00f3n &gt; Preferencias &gt; Privacidad &gt; Bloquear cookies (seleccionar \u201csiempre\u201d).<\/p>\n\n\n\n<p>Para Mozilla Firefox:<\/p>\n\n\n\n<figure class=\"wp-block-embed\"><div class=\"wp-block-embed__wrapper\">\nhttps:\/\/support.mozilla.org\/es\/kb\/Borrar%20cookies\n<\/div><\/figure>\n\n\n\n<p>Para Opera:<\/p>\n\n\n\n<p>http:\/\/help.opera.com\/Linux\/10.60\/es-ES\/cookies.html<\/p>\n\n\n\n<p>Para Android:<\/p>\n\n\n\n<p>Men\u00fa &gt; M\u00e1s &gt; Ajustes &gt; Ajustes de privacidad.<\/p>\n\n\n\n<p>Para Blackberry:<\/p>\n\n\n\n<p>http:\/\/docs.blackberry.com\/en\/smartphone_users\/deliverables\/32004\/Turn_off_cookies_in_the_browser_60_1072866_11.jsp<\/p>\n\n\n\n<p>Para Safari(IOS):<\/p>\n\n\n\n<p>http:\/\/www.windowsphone.com\/es-es\/how-to\/wp7\/web\/changing-privacy-and-other-browser-settings<\/p>\n\n\n\n<p>Para Windows Phone:<\/p>\n\n\n\n<p>http:\/\/www.windowsphone.com\/es-es\/how-to\/wp7\/web\/changing-privacy-and-other-browser-settings<\/p>\n\n\n\n<p>M\u00e1s informaci\u00f3n<\/p>\n\n\n\n<p>Para conocer m\u00e1s informaci\u00f3n sobre las cookies, te invitamos a leer el art\u00edculo sobre Cookies de la Wikipedia.<\/p>\n","protected":false},"excerpt":{"rendered":"<p>Una cookie es un fichero que se descarga en tu ordenador, tu smartphone, tu tablet, etc, al acceder a determinadas p\u00e1ginas web para almacenar y recuperar informaci\u00f3n sobre la navegaci\u00f3n que se efect\u00faa desde dicho equipo. Las cookies son esenciales para el funcionamiento de internet, aportando innumerables ventajas en la prestaci\u00f3n de servicios interactivos, facilit\u00e1ndole [&hellip;]<\/p>\n","protected":false},"author":1,"featured_media":0,"parent":0,"menu_order":0,"comment_status":"closed","ping_status":"closed","template":"","meta":{"footnotes":""},"class_list":["post-6206","page","type-page","status-publish","hentry"],"yoast_head":"<!-- This site is optimized with the Yoast SEO plugin v24.4 - https:\/\/yoast.com\/wordpress\/plugins\/seo\/ -->\n<title>Pol\u00edtica de Cookies - Portell de Morella<\/title>\n<meta name=\"robots\" content=\"noindex, follow, max-snippet:-1, max-image-preview:large, max-video-preview:-1\" \/>\n<meta property=\"og:locale\" content=\"ca_ES\" \/>\n<meta property=\"og:type\" content=\"article\" \/>\n<meta property=\"og:title\" content=\"Pol\u00edtica de Cookies - Portell de Morella\" \/>\n<meta property=\"og:description\" content=\"Una cookie es un fichero que se descarga en tu ordenador, tu smartphone, tu tablet, etc, al acceder a determinadas p\u00e1ginas web para almacenar y recuperar informaci\u00f3n sobre la navegaci\u00f3n que se efect\u00faa desde dicho equipo. Las cookies son esenciales para el funcionamiento de internet, aportando innumerables ventajas en la prestaci\u00f3n de servicios interactivos, facilit\u00e1ndole [&hellip;]\" \/>\n<meta property=\"og:url\" content=\"https:\/\/portelldemorella.org\/ca\/politica-de-cookies\/\" \/>\n<meta property=\"og:site_name\" content=\"Portell de Morella\" \/>\n<meta property=\"article:modified_time\" content=\"2021-07-12T11:17:42+00:00\" \/>\n<meta name=\"twitter:card\" content=\"summary_large_image\" \/>\n<meta name=\"twitter:label1\" content=\"Temps estimat de lectura\" \/>\n\t<meta name=\"twitter:data1\" content=\"2 minuts\" \/>\n<script type=\"application\/ld+json\" class=\"yoast-schema-graph\">{\"@context\":\"https:\/\/schema.org\",\"@graph\":[{\"@type\":\"WebPage\",\"@id\":\"https:\/\/portelldemorella.org\/ca\/politica-de-cookies\/\",\"url\":\"https:\/\/portelldemorella.org\/ca\/politica-de-cookies\/\",\"name\":\"Pol\u00edtica de Cookies - Portell de Morella\",\"isPartOf\":{\"@id\":\"https:\/\/portelldemorella.org\/#website\"},\"datePublished\":\"2021-07-12T10:51:45+00:00\",\"dateModified\":\"2021-07-12T11:17:42+00:00\",\"breadcrumb\":{\"@id\":\"https:\/\/portelldemorella.org\/ca\/politica-de-cookies\/#breadcrumb\"},\"inLanguage\":\"ca\",\"potentialAction\":[{\"@type\":\"ReadAction\",\"target\":[\"https:\/\/portelldemorella.org\/ca\/politica-de-cookies\/\"]}]},{\"@type\":\"BreadcrumbList\",\"@id\":\"https:\/\/portelldemorella.org\/ca\/politica-de-cookies\/#breadcrumb\",\"itemListElement\":[{\"@type\":\"ListItem\",\"position\":1,\"name\":\"Portada\",\"item\":\"https:\/\/portelldemorella.org\/ca\/\"},{\"@type\":\"ListItem\",\"position\":2,\"name\":\"Pol\u00edtica de Cookies\"}]},{\"@type\":\"WebSite\",\"@id\":\"https:\/\/portelldemorella.org\/#website\",\"url\":\"https:\/\/portelldemorella.org\/\",\"name\":\"Portell de Morella\",\"description\":\"Web del Ayuntamiento de Portell de Morella\",\"publisher\":{\"@id\":\"https:\/\/portelldemorella.org\/#organization\"},\"potentialAction\":[{\"@type\":\"SearchAction\",\"target\":{\"@type\":\"EntryPoint\",\"urlTemplate\":\"https:\/\/portelldemorella.org\/?s={search_term_string}\"},\"query-input\":{\"@type\":\"PropertyValueSpecification\",\"valueRequired\":true,\"valueName\":\"search_term_string\"}}],\"inLanguage\":\"ca\"},{\"@type\":\"Organization\",\"@id\":\"https:\/\/portelldemorella.org\/#organization\",\"name\":\"Portell de Morella\",\"url\":\"https:\/\/portelldemorella.org\/\",\"logo\":{\"@type\":\"ImageObject\",\"inLanguage\":\"ca\",\"@id\":\"https:\/\/portelldemorella.org\/#\/schema\/logo\/image\/\",\"url\":\"https:\/\/portelldemorella.org\/wp-content\/uploads\/2020\/11\/Escudo-Portell-04.jpg\",\"contentUrl\":\"https:\/\/portelldemorella.org\/wp-content\/uploads\/2020\/11\/Escudo-Portell-04.jpg\",\"width\":1001,\"height\":394,\"caption\":\"Portell de Morella\"},\"image\":{\"@id\":\"https:\/\/portelldemorella.org\/#\/schema\/logo\/image\/\"}}]}<\/script>\n<!-- \/ Yoast SEO plugin. -->","yoast_head_json":{"title":"Pol\u00edtica de Cookies - Portell de Morella","robots":{"index":"noindex","follow":"follow","max-snippet":"max-snippet:-1","max-image-preview":"max-image-preview:large","max-video-preview":"max-video-preview:-1"},"og_locale":"ca_ES","og_type":"article","og_title":"Pol\u00edtica de Cookies - Portell de Morella","og_description":"Una cookie es un fichero que se descarga en tu ordenador, tu smartphone, tu tablet, etc, al acceder a determinadas p\u00e1ginas web para almacenar y recuperar informaci\u00f3n sobre la navegaci\u00f3n que se efect\u00faa desde dicho equipo. Las cookies son esenciales para el funcionamiento de internet, aportando innumerables ventajas en la prestaci\u00f3n de servicios interactivos, facilit\u00e1ndole [&hellip;]","og_url":"https:\/\/portelldemorella.org\/ca\/politica-de-cookies\/","og_site_name":"Portell de Morella","article_modified_time":"2021-07-12T11:17:42+00:00","twitter_card":"summary_large_image","twitter_misc":{"Temps estimat de lectura":"2 minuts"},"schema":{"@context":"https:\/\/schema.org","@graph":[{"@type":"WebPage","@id":"https:\/\/portelldemorella.org\/ca\/politica-de-cookies\/","url":"https:\/\/portelldemorella.org\/ca\/politica-de-cookies\/","name":"Pol\u00edtica de Cookies - Portell de Morella","isPartOf":{"@id":"https:\/\/portelldemorella.org\/#website"},"datePublished":"2021-07-12T10:51:45+00:00","dateModified":"2021-07-12T11:17:42+00:00","breadcrumb":{"@id":"https:\/\/portelldemorella.org\/ca\/politica-de-cookies\/#breadcrumb"},"inLanguage":"ca","potentialAction":[{"@type":"ReadAction","target":["https:\/\/portelldemorella.org\/ca\/politica-de-cookies\/"]}]},{"@type":"BreadcrumbList","@id":"https:\/\/portelldemorella.org\/ca\/politica-de-cookies\/#breadcrumb","itemListElement":[{"@type":"ListItem","position":1,"name":"Portada","item":"https:\/\/portelldemorella.org\/ca\/"},{"@type":"ListItem","position":2,"name":"Pol\u00edtica de Cookies"}]},{"@type":"WebSite","@id":"https:\/\/portelldemorella.org\/#website","url":"https:\/\/portelldemorella.org\/","name":"Portell de Morella","description":"Web del Ayuntamiento de Portell de Morella","publisher":{"@id":"https:\/\/portelldemorella.org\/#organization"},"potentialAction":[{"@type":"SearchAction","target":{"@type":"EntryPoint","urlTemplate":"https:\/\/portelldemorella.org\/?s={search_term_string}"},"query-input":{"@type":"PropertyValueSpecification","valueRequired":true,"valueName":"search_term_string"}}],"inLanguage":"ca"},{"@type":"Organization","@id":"https:\/\/portelldemorella.org\/#organization","name":"Portell de Morella","url":"https:\/\/portelldemorella.org\/","logo":{"@type":"ImageObject","inLanguage":"ca","@id":"https:\/\/portelldemorella.org\/#\/schema\/logo\/image\/","url":"https:\/\/portelldemorella.org\/wp-content\/uploads\/2020\/11\/Escudo-Portell-04.jpg","contentUrl":"https:\/\/portelldemorella.org\/wp-content\/uploads\/2020\/11\/Escudo-Portell-04.jpg","width":1001,"height":394,"caption":"Portell de Morella"},"image":{"@id":"https:\/\/portelldemorella.org\/#\/schema\/logo\/image\/"}}]}},"_links":{"self":[{"href":"https:\/\/portelldemorella.org\/ca\/wp-json\/wp\/v2\/pages\/6206","targetHints":{"allow":["GET"]}}],"collection":[{"href":"https:\/\/portelldemorella.org\/ca\/wp-json\/wp\/v2\/pages"}],"about":[{"href":"https:\/\/portelldemorella.org\/ca\/wp-json\/wp\/v2\/types\/page"}],"author":[{"embeddable":true,"href":"https:\/\/portelldemorella.org\/ca\/wp-json\/wp\/v2\/users\/1"}],"replies":[{"embeddable":true,"href":"https:\/\/portelldemorella.org\/ca\/wp-json\/wp\/v2\/comments?post=6206"}],"version-history":[{"count":1,"href":"https:\/\/portelldemorella.org\/ca\/wp-json\/wp\/v2\/pages\/6206\/revisions"}],"predecessor-version":[{"id":6209,"href":"https:\/\/portelldemorella.org\/ca\/wp-json\/wp\/v2\/pages\/6206\/revisions\/6209"}],"wp:attachment":[{"href":"https:\/\/portelldemorella.org\/ca\/wp-json\/wp\/v2\/media?parent=6206"}],"curies":[{"name":"wp","href":"https:\/\/api.w.org\/{rel}","templated":true}]}}