{"id":6208,"date":"2021-07-12T10:52:00","date_gmt":"2021-07-12T10:52:00","guid":{"rendered":"https:\/\/portelldemorella.org\/?page_id=6208"},"modified":"2021-07-12T11:17:30","modified_gmt":"2021-07-12T11:17:30","slug":"aviso-legal","status":"publish","type":"page","link":"https:\/\/portelldemorella.org\/ca\/aviso-legal\/","title":{"rendered":"Aviso Legal"},"content":{"rendered":"\n<h2 class=\"wp-block-heading\">Titularidad de la web<\/h2>\n\n\n\n<p>www.portelldemorella.es, es un dominio de internet de titularidad:<\/p>\n\n\n\n<p>Ayuntamiento de Portell de Morella<br>Mayor, 8<br>Tel: 964 178 779<br>email: info@portelldemorella.es<br>Delegado de Proteccion de Datos: dpd@dipcas.es<\/p>\n\n\n\n<h2 class=\"wp-block-heading\">Aviso Legal<\/h2>\n\n\n\n<p>A trav\u00e9s del presente, el Ayuntamiento informa de las Condiciones y T\u00e9rminos Generales que regulan el acceso, navegaci\u00f3n y uso del Portal de Internet del Ayuntamiento de&nbsp;<strong>Ayuntamiento de Portell de Morella<\/strong>. En particular, informa y regula el acceso y uso de los siguientes sitios Web:<\/p>\n\n\n\n<p>Portal de Internet<\/p>\n\n\n\n<p>De conformidad con el art\u00edculo 39 de la Ley 40\/2015, de 1 de octubre, de R\u00e9gimen Jur\u00eddico del Sector P\u00fablico, se entiende por portal de internet el punto de acceso electr\u00f3nico, en este caso www.portelldemorella.es (as\u00ed como, cualquiera de sus subdominios, microsites y\/o aplicaciones m\u00f3viles) cuya titularidad corresponde, en este caso, al&nbsp;<strong>Ayuntamiento de Ayuntamiento de Portell de Morella<\/strong>, el cual permite el acceso a trav\u00e9s de internet a la informaci\u00f3n publicada y a la Sede Electr\u00f3nica&nbsp;<strong><a href=\"https:\/\/portelldemorella.sedelectronica.es\/\">https:\/\/portelldemorella.sedelectronica.es<\/a><\/strong><\/p>\n\n\n\n<p>Sede Electr\u00f3nica<\/p>\n\n\n\n<p>De conformidad con el art\u00edculo 38 de la Ley 40\/2015, de 1 de octubre, de R\u00e9gimen Jur\u00eddico del Sector P\u00fablico, enn la direcci\u00f3n https:\/\/portelldemorella.sedelectronica.es se ha ubicado en Internet la sede electr\u00f3nica del&nbsp;<strong>Ayuntamiento de Ayuntamiento de Portell de Morella<\/strong>.<\/p>\n\n\n\n<p>La sede electr\u00f3nica del Ayuntamiento es la direcci\u00f3n electr\u00f3nica disponible a trav\u00e9s de la cual los ciudadanos acceden a la informaci\u00f3n y a los servicios y tr\u00e1mites electr\u00f3nicos a trav\u00e9s de redes de telecomunicaciones cuya titularidad, gesti\u00f3n y administraci\u00f3n corresponde al Ayuntamiento en el ejercicio de sus competencias.<\/p>\n\n\n\n<p>La Sede Electr\u00f3nica es, en general, de libre acceso y no exige la previa suscripci\u00f3n o registro de la persona usuaria. No obstante, por razones de seguridad y de privacidad, el acceso a algunas \u00e1reas y servicios de la sede electr\u00f3nica pueden estar sujetos a condiciones espec\u00edficas de autenticaci\u00f3n que quedan establecidos en la informaci\u00f3n de detalle correspondiente a cada servicio en particular.<\/p>\n\n\n\n<p>Esta Sede Electr\u00f3nica permite realizar actuaciones, procedimientos y servicios que precisen el acceso electr\u00f3nico a trav\u00e9s de Internet de los ciudadanos a los servicios p\u00fablicos del Ayuntamiento de Ayuntamiento de Portell de Morella de forma segura, eficaz y con la accesibilidad y calidad requeridas.<\/p>\n\n\n\n<p>Es por esto que, se recomienda que antes de iniciar la navegaci\u00f3n, lea atentamente el presente \u2018Aviso Legal\u2019.<\/p>\n\n\n\n<h2 class=\"wp-block-heading\">Car\u00e1cter de la informaci\u00f3n publicada en el Portal<\/h2>\n\n\n\n<p>Las informaciones ofrecidas&nbsp;mediante este medio tienen exclusivamente car\u00e1cter ilustrativo&nbsp;y no originan derechos ni&nbsp;expectativas de derechos y no se hace responsable de los contenidos accesibles mediante enlaces o&nbsp;documentos existentes en otros dominios.<\/p>\n\n\n\n<p>El&nbsp;<strong>Ayuntamiento de Ayuntamiento de Portell de Morella<\/strong>&nbsp;procura que esta informaci\u00f3n sea exacta y precisa, y procede a su&nbsp;actualizaci\u00f3n con la m\u00e1xima celeridad posible, tratando de evitar errores y corrigi\u00e9ndolos tan pronto como los detecta. No obstante, el&nbsp;<strong>Ayuntamiento de Ayuntamiento de Portell de Morella<\/strong>&nbsp;no puede garantizar la inexistencia de errores ni que el contenido de la informaci\u00f3n se encuentre permanentemente actualizado.<\/p>\n\n\n\n<p>La informaci\u00f3n contenida en el Portal puede&nbsp;ser modificada&nbsp;y actualizada por el&nbsp;<strong>Ayuntamiento de Ayuntamiento de Portell de Morella<\/strong>, sin&nbsp;necesidad de aviso previo, tanto en lo relativo a su contenido como a su dise\u00f1o y presentaci\u00f3n.<\/p>\n\n\n\n<p>La&nbsp;informaci\u00f3n&nbsp;proporcionada en respuesta a cualquier consulta o petici\u00f3n de informaci\u00f3n tiene&nbsp;car\u00e1cter meramente orientativo&nbsp;y en ning\u00fan caso resultar\u00e1 vinculante para la resoluci\u00f3n de los procedimientos administrativos, los cuales se hallan estrictamente sujetos a las normas legales o reglamentarias que les sean de aplicaci\u00f3n.<\/p>\n\n\n\n<p>Con car\u00e1cter general, la informaci\u00f3n disponible en este Portal tiene que ser entendida como una gu\u00eda sin prop\u00f3sito de validez legal. La informaci\u00f3n administrativa facilitada a trav\u00e9s del mismo no sustituye la publicidad legal de las leyes, de las disposiciones generales y de los actos que tengan que ser publicados formalmente a los diarios o boletines oficiales de las administraciones p\u00fablicas. En el caso de cualquier discrepancia entre la versi\u00f3n de documentos e informaci\u00f3n obtenida en este sitio Web y la versi\u00f3n considerada oficial, la versi\u00f3n oficial de las administraciones es la \u00fanica legalmente v\u00e1lida.<\/p>\n\n\n\n<p>El Ayuntamiento procura que la informaci\u00f3n sea exacta y precisa, y proceder\u00e1n a su actualizaci\u00f3n con la m\u00e1xima celeridad posible, tratando de evitar errores y corrigi\u00e9ndolos tan pronto como los detecten. El&nbsp;<strong>Ayuntamiento de Ayuntamiento de Portell de Morella<\/strong>&nbsp;no puede garantizar la inexistencia de errores, ni que el contenido de la informaci\u00f3n se encuentre, permanentemente, actualizado.<\/p>\n\n\n\n<h2 class=\"wp-block-heading\">Condiciones y t\u00e9rminos generales de uso del Portal<\/h2>\n\n\n\n<p>Por el acceso, navegaci\u00f3n por el Portal de Internet del Ayuntamiento de&nbsp;<strong>Ayuntamiento de Ayuntamiento de Portell de Morella<\/strong>&nbsp;y\/o por la utilizaci\u00f3n de los servicios incluidos en el mismo, Vd. adquiere la condici\u00f3n de Usuario, sin reservas de ninguna clase, a todas y cada una de las presentes Condiciones y T\u00e9rminos Generales de Uso y de las Condiciones Particulares, que en su caso rijan la prestaci\u00f3n de los servicios que se dispusieran en el sitio Web, sin perjuicio de la atenci\u00f3n y cumplimiento por parte del Usuario de las condiciones fijadas y previstas por los sitios Web hipervinculados desde https:\/\/portelldemorella.sedelectronica.es, de las cuales no responde el&nbsp;<strong>Ayuntamiento de Ayuntamiento de Portell de Morella<\/strong>.<\/p>\n\n\n\n<p>El&nbsp;<strong>Ayuntamiento de Ayuntamiento de Portell de Morella<\/strong>&nbsp;podr\u00e1, en todo momento y sin previo aviso, modificar las Condiciones y T\u00e9rminos Generales de Uso, as\u00ed como las Condiciones Particulares, que se establecieran.<\/p>\n\n\n\n<p>En todo caso, el Usuario se compromete a hacer un uso adecuado de los contenidos y servicios que el&nbsp;<strong>Ayuntamiento de Ayuntamiento de Portell de Morella<\/strong>&nbsp;ofrece a trav\u00e9s del Portal y, con car\u00e1cter enunciativo pero no limitativo:<\/p>\n\n\n\n<p><strong>(i)<\/strong>&nbsp;incurrir en actividades il\u00edcitas, ilegales o contrarias a la buena fe y al orden p\u00fablico.<\/p>\n\n\n\n<p><strong>(ii)<\/strong>&nbsp;No introducir, almacenar o difundir en o desde el Portal, cualquier informaci\u00f3n o material que, expl\u00edcita o impl\u00edcitamente, fuera difamatorio, injurioso, obsceno, amenazador, xen\u00f3fobo, de apolog\u00eda del terrorismo, pornogr\u00e1fico o incite a la violencia, a la discriminaci\u00f3n por raz\u00f3n de raza, sexo, ideolog\u00eda, religi\u00f3n o que de cualquier forma atente contra la moral, el orden p\u00fablico, los derechos fundamentales, las libertas p\u00fablicas, con especial atenci\u00f3n al honor, la intimidad o la imagen de terceros y, en general, contra los derechos humanos.<\/p>\n\n\n\n<p><strong>(iii)<\/strong>&nbsp;No utilizar identidades falsas, ni suplantar la identidad de otros en la utilizaci\u00f3n del Portal o en la utilizaci\u00f3n de cualquiera de los servicios dispuestos, incluyendo la utilizaci\u00f3n en su caso de contrase\u00f1as o claves de acceso de terceros o de cualquier otra forma.<\/p>\n\n\n\n<p>En consecuencia, el Usuario no podr\u00e1 intentar acceder y, en su caso, utilizar las claves de otros usuarios y modificar o manipular sus mensajes.<\/p>\n\n\n\n<p><strong>(iv)<\/strong>&nbsp;No introducir, almacenar o difundir mediante el Portal ning\u00fan programa de ordenador, datos, virus, c\u00f3digo, equipo de hardware o de telecomunicaciones o cualquier otro instrumento o dispositivo electr\u00f3nico o f\u00edsico que sea susceptible de causar da\u00f1os en el Portal, en cualquiera de los servicios, o en cualquiera de los equipos, sistemas o redes de el&nbsp;<strong>Ayuntamiento de Ayuntamiento de Portell de Morella<\/strong>&nbsp;o, en general, de cualquier tercero, o que de cualquier otra forma sea capaz de causarles cualquier tipo de alteraci\u00f3n o impedir el normal funcionamiento de los mismos.<\/p>\n\n\n\n<p>(v) No destruir, alterar, utilizar para su uso, inutilizar o da\u00f1ar los datos, informaciones, programas o documentos electr\u00f3nicos del&nbsp;<strong>Ayuntamiento de Ayuntamiento de Portell de Morella<\/strong>&nbsp;o cualesquiera terceros.<\/p>\n\n\n\n<p><strong>(vi)<\/strong>&nbsp;No introducir, almacenar o difundir mediante el Portal cualquier contenido que infrinja derechos de propiedad intelectual, industrial o secretos empresariales de terceros, ni en general ning\u00fan contenido del cual no ostentara, de conformidad con la ley, el derecho a ponerlo a disposici\u00f3n de tercero.<\/p>\n\n\n\n<p><strong>(vii)<\/strong>&nbsp;No utilizar los servicios ofrecidos en el Portal con el objetivo de promocionar empresas y servicios externos, otras p\u00e1ginas web y hacer campa\u00f1as de publicidad o comerciales, ni para actuar en beneficio de personas jur\u00eddicas.<\/p>\n\n\n\n<p>En caso de contravenir las condiciones anteriores, el&nbsp;<strong>Ayuntamiento de Ayuntamiento de Portell de Morella<\/strong>&nbsp;se reserva la facultad y estar\u00e1 legitimado para bloquear, suspender o cancelar, de forma inmediata y sin previo aviso, el acceso y uso del Portal y, en su caso, para retirar los contenidos presunta o declaradamente ilegales, ya lo realice a su exclusivo criterio, y a petici\u00f3n de tercero afectado o de autoridad competente.<\/p>\n\n\n\n<h2 class=\"wp-block-heading\">Responsabilidad.<\/h2>\n\n\n\n<p>El&nbsp;<strong>Ayuntamiento de Ayuntamiento de Portell de Morella<\/strong>&nbsp;no se hace responsable de los da\u00f1os y perjuicios que se pudieran derivar de, con car\u00e1cter meramente enunciativo y no limitativo:<\/p>\n\n\n\n<p><strong>(i)<\/strong>&nbsp;Inferencias, omisiones, interrupciones, virus inform\u00e1ticos, aver\u00edas y\/o desconexiones en el funcionamiento operativo de este sistema electr\u00f3nico o en los aparatos y equipos inform\u00e1ticos de los Usuarios, motivadas por causas ajenas a el&nbsp;<strong>Ayuntamiento de Ayuntamiento de Portell de Morella<\/strong>, que impidan o retrasen la prestaci\u00f3n de los servicios o la navegaci\u00f3n por el Sistema.<\/p>\n\n\n\n<p><strong>(ii)<\/strong>&nbsp;Retrasos o bloqueos en el uso causados por deficiencias o sobrecargas de Internet o en otros sistemas electr\u00f3nicos.<\/p>\n\n\n\n<p><strong>(iii)<\/strong>&nbsp;Que puedan ser causados por terceras personas mediante intromisiones ileg\u00edtimas fuera del control y que no sean atribuibles al&nbsp;<strong>Ayuntamiento de Ayuntamiento de Portell de Morella<\/strong>.<\/p>\n\n\n\n<p><strong>(iv)<\/strong>&nbsp;De la imposibilidad de dar el servicio o permitir el acceso por causas no imputables al&nbsp;<strong>Ayuntamiento de Ayuntamiento de Portell de Morella<\/strong>, debidas al Usuario, a terceros, o a supuestos de fuerza mayor.<\/p>\n\n\n\n<p><strong>(v)<\/strong>&nbsp;El Portal del&nbsp;<strong>Ayuntamiento de Ayuntamiento de Portell de Morella<\/strong>&nbsp;puede contener enlaces&nbsp; a las sedes electr\u00f3nicas de otras Administraciones p\u00fablicas o a&nbsp;p\u00e1ginas web de otros \u00f3rganos, empresas o instituciones, con el objetivo de facilitar a los ciudadanos la b\u00fasqueda de&nbsp;informaci\u00f3n y recursos&nbsp;a trav\u00e9s de Internet. No obstante, dichas p\u00e1ginas&nbsp;no son de su titularidad y, por tanto,&nbsp;el&nbsp;<strong>Ayuntamiento de Ayuntamiento de Portell de Morella<\/strong>&nbsp;no es responsable de sus contenidos, funcionamiento o de las posibles consecuencias que&nbsp;puedan derivarse del acceso o uso de las mismas. Puede indicarse, a trav\u00e9s de mensajes sobre los enlaces, si accediendo a ellos se abandona o no el Potal del&nbsp;<strong>Ayuntamiento de Ayuntamiento de Portell de Morella<\/strong>. En todo caso, al salir de la direcci\u00f3n https:\/\/portelldemorella.sedelectronica.es, la informaci\u00f3n o los servicios a los que se acceda quedan fuera del \u00e1mbito de responsabilidad del titular de la sede electr\u00f3nica del&nbsp;<strong>Ayuntamiento de Ayuntamiento de Portell de Morella<\/strong>.<\/p>\n\n\n\n<h2 class=\"wp-block-heading\">Propiedad intelectual e industrial<\/h2>\n\n\n\n<p>El c\u00f3digo fuente, los dise\u00f1os gr\u00e1ficos, las im\u00e1genes, las fotograf\u00edas, los sonidos, las animaciones, el software, los textos, los nombres de dominio, las marcas, as\u00ed como la informaci\u00f3n y los contenidos recogidos a lo largo de todo el Portal est\u00e1n protegidos por la legislaci\u00f3n espa\u00f1ola, a favor del&nbsp;<strong>Ayuntamiento de Ayuntamiento de Portell de Morella<\/strong>.<\/p>\n\n\n\n<p>Su uso, reproducci\u00f3n, distribuci\u00f3n, comunicaci\u00f3n p\u00fablica, transformaci\u00f3n o cualquier otra actividad similar o an\u00e1loga, queda totalmente prohibida salvo que medie autorizaci\u00f3n expresa del&nbsp;<strong>Ayuntamiento de Ayuntamiento de Portell de Morella<\/strong>.<\/p>\n\n\n\n<p>La licencia de uso de cualquier contenido de esta sede, otorgada al Usuario, se limita a la descarga de dicho contenido y el uso privado del mismo. De conformidad con el art\u00edculo 8 de la Ley 37\/2007, de 16 de noviembre, sobre reutilizaci\u00f3n de la informaci\u00f3n del sector p\u00fablico, la reutilizaci\u00f3n de la informaci\u00f3n de las Administraciones y de los organismos del sector p\u00fablico estar\u00e1 sometida, entre otras, a las siguientes condiciones generales: (a) Que el contenido de la informaci\u00f3n no sea alterado.(b) Que no se desnaturalice el sentido de la informaci\u00f3n (c) Que se cite la fuente y (d) Que se mencione la fecha de la \u00faltima actualizaci\u00f3n.<\/p>\n","protected":false},"excerpt":{"rendered":"<p>Titularidad de la web www.portelldemorella.es, es un dominio de internet de titularidad: Ayuntamiento de Portell de MorellaMayor, 8Tel: 964 178 779email: info@portelldemorella.esDelegado de Proteccion de Datos: dpd@dipcas.es Aviso Legal A trav\u00e9s del presente, el Ayuntamiento informa de las Condiciones y T\u00e9rminos Generales que regulan el acceso, navegaci\u00f3n y uso del Portal de Internet del Ayuntamiento [&hellip;]<\/p>\n","protected":false},"author":1,"featured_media":0,"parent":0,"menu_order":0,"comment_status":"closed","ping_status":"closed","template":"","meta":{"footnotes":""},"class_list":["post-6208","page","type-page","status-publish","hentry"],"yoast_head":"<!-- This site is optimized with the Yoast SEO plugin v24.4 - https:\/\/yoast.com\/wordpress\/plugins\/seo\/ -->\n<title>Aviso Legal - Portell de Morella<\/title>\n<meta name=\"robots\" content=\"noindex, follow, max-snippet:-1, max-image-preview:large, max-video-preview:-1\" \/>\n<meta property=\"og:locale\" content=\"ca_ES\" \/>\n<meta property=\"og:type\" content=\"article\" \/>\n<meta property=\"og:title\" content=\"Aviso Legal - Portell de Morella\" \/>\n<meta property=\"og:description\" content=\"Titularidad de la web www.portelldemorella.es, es un dominio de internet de titularidad: Ayuntamiento de Portell de MorellaMayor, 8Tel: 964 178 779email: info@portelldemorella.esDelegado de Proteccion de Datos: dpd@dipcas.es Aviso Legal A trav\u00e9s del presente, el Ayuntamiento informa de las Condiciones y T\u00e9rminos Generales que regulan el acceso, navegaci\u00f3n y uso del Portal de Internet del Ayuntamiento [&hellip;]\" \/>\n<meta property=\"og:url\" content=\"https:\/\/portelldemorella.org\/ca\/aviso-legal\/\" \/>\n<meta property=\"og:site_name\" content=\"Portell de Morella\" \/>\n<meta property=\"article:modified_time\" content=\"2021-07-12T11:17:30+00:00\" \/>\n<meta name=\"twitter:card\" content=\"summary_large_image\" \/>\n<meta name=\"twitter:label1\" content=\"Temps estimat de lectura\" \/>\n\t<meta name=\"twitter:data1\" content=\"9 minuts\" \/>\n<script type=\"application\/ld+json\" class=\"yoast-schema-graph\">{\"@context\":\"https:\/\/schema.org\",\"@graph\":[{\"@type\":\"WebPage\",\"@id\":\"https:\/\/portelldemorella.org\/ca\/aviso-legal\/\",\"url\":\"https:\/\/portelldemorella.org\/ca\/aviso-legal\/\",\"name\":\"Aviso Legal - Portell de Morella\",\"isPartOf\":{\"@id\":\"https:\/\/portelldemorella.org\/#website\"},\"datePublished\":\"2021-07-12T10:52:00+00:00\",\"dateModified\":\"2021-07-12T11:17:30+00:00\",\"breadcrumb\":{\"@id\":\"https:\/\/portelldemorella.org\/ca\/aviso-legal\/#breadcrumb\"},\"inLanguage\":\"ca\",\"potentialAction\":[{\"@type\":\"ReadAction\",\"target\":[\"https:\/\/portelldemorella.org\/ca\/aviso-legal\/\"]}]},{\"@type\":\"BreadcrumbList\",\"@id\":\"https:\/\/portelldemorella.org\/ca\/aviso-legal\/#breadcrumb\",\"itemListElement\":[{\"@type\":\"ListItem\",\"position\":1,\"name\":\"Portada\",\"item\":\"https:\/\/portelldemorella.org\/ca\/\"},{\"@type\":\"ListItem\",\"position\":2,\"name\":\"Aviso Legal\"}]},{\"@type\":\"WebSite\",\"@id\":\"https:\/\/portelldemorella.org\/#website\",\"url\":\"https:\/\/portelldemorella.org\/\",\"name\":\"Portell de Morella\",\"description\":\"Web del Ayuntamiento de Portell de Morella\",\"publisher\":{\"@id\":\"https:\/\/portelldemorella.org\/#organization\"},\"potentialAction\":[{\"@type\":\"SearchAction\",\"target\":{\"@type\":\"EntryPoint\",\"urlTemplate\":\"https:\/\/portelldemorella.org\/?s={search_term_string}\"},\"query-input\":{\"@type\":\"PropertyValueSpecification\",\"valueRequired\":true,\"valueName\":\"search_term_string\"}}],\"inLanguage\":\"ca\"},{\"@type\":\"Organization\",\"@id\":\"https:\/\/portelldemorella.org\/#organization\",\"name\":\"Portell de Morella\",\"url\":\"https:\/\/portelldemorella.org\/\",\"logo\":{\"@type\":\"ImageObject\",\"inLanguage\":\"ca\",\"@id\":\"https:\/\/portelldemorella.org\/#\/schema\/logo\/image\/\",\"url\":\"https:\/\/portelldemorella.org\/wp-content\/uploads\/2020\/11\/Escudo-Portell-04.jpg\",\"contentUrl\":\"https:\/\/portelldemorella.org\/wp-content\/uploads\/2020\/11\/Escudo-Portell-04.jpg\",\"width\":1001,\"height\":394,\"caption\":\"Portell de Morella\"},\"image\":{\"@id\":\"https:\/\/portelldemorella.org\/#\/schema\/logo\/image\/\"}}]}<\/script>\n<!-- \/ Yoast SEO plugin. -->","yoast_head_json":{"title":"Aviso Legal - Portell de Morella","robots":{"index":"noindex","follow":"follow","max-snippet":"max-snippet:-1","max-image-preview":"max-image-preview:large","max-video-preview":"max-video-preview:-1"},"og_locale":"ca_ES","og_type":"article","og_title":"Aviso Legal - Portell de Morella","og_description":"Titularidad de la web www.portelldemorella.es, es un dominio de internet de titularidad: Ayuntamiento de Portell de MorellaMayor, 8Tel: 964 178 779email: info@portelldemorella.esDelegado de Proteccion de Datos: dpd@dipcas.es Aviso Legal A trav\u00e9s del presente, el Ayuntamiento informa de las Condiciones y T\u00e9rminos Generales que regulan el acceso, navegaci\u00f3n y uso del Portal de Internet del Ayuntamiento [&hellip;]","og_url":"https:\/\/portelldemorella.org\/ca\/aviso-legal\/","og_site_name":"Portell de Morella","article_modified_time":"2021-07-12T11:17:30+00:00","twitter_card":"summary_large_image","twitter_misc":{"Temps estimat de lectura":"9 minuts"},"schema":{"@context":"https:\/\/schema.org","@graph":[{"@type":"WebPage","@id":"https:\/\/portelldemorella.org\/ca\/aviso-legal\/","url":"https:\/\/portelldemorella.org\/ca\/aviso-legal\/","name":"Aviso Legal - Portell de Morella","isPartOf":{"@id":"https:\/\/portelldemorella.org\/#website"},"datePublished":"2021-07-12T10:52:00+00:00","dateModified":"2021-07-12T11:17:30+00:00","breadcrumb":{"@id":"https:\/\/portelldemorella.org\/ca\/aviso-legal\/#breadcrumb"},"inLanguage":"ca","potentialAction":[{"@type":"ReadAction","target":["https:\/\/portelldemorella.org\/ca\/aviso-legal\/"]}]},{"@type":"BreadcrumbList","@id":"https:\/\/portelldemorella.org\/ca\/aviso-legal\/#breadcrumb","itemListElement":[{"@type":"ListItem","position":1,"name":"Portada","item":"https:\/\/portelldemorella.org\/ca\/"},{"@type":"ListItem","position":2,"name":"Aviso Legal"}]},{"@type":"WebSite","@id":"https:\/\/portelldemorella.org\/#website","url":"https:\/\/portelldemorella.org\/","name":"Portell de Morella","description":"Web del Ayuntamiento de Portell de Morella","publisher":{"@id":"https:\/\/portelldemorella.org\/#organization"},"potentialAction":[{"@type":"SearchAction","target":{"@type":"EntryPoint","urlTemplate":"https:\/\/portelldemorella.org\/?s={search_term_string}"},"query-input":{"@type":"PropertyValueSpecification","valueRequired":true,"valueName":"search_term_string"}}],"inLanguage":"ca"},{"@type":"Organization","@id":"https:\/\/portelldemorella.org\/#organization","name":"Portell de Morella","url":"https:\/\/portelldemorella.org\/","logo":{"@type":"ImageObject","inLanguage":"ca","@id":"https:\/\/portelldemorella.org\/#\/schema\/logo\/image\/","url":"https:\/\/portelldemorella.org\/wp-content\/uploads\/2020\/11\/Escudo-Portell-04.jpg","contentUrl":"https:\/\/portelldemorella.org\/wp-content\/uploads\/2020\/11\/Escudo-Portell-04.jpg","width":1001,"height":394,"caption":"Portell de Morella"},"image":{"@id":"https:\/\/portelldemorella.org\/#\/schema\/logo\/image\/"}}]}},"_links":{"self":[{"href":"https:\/\/portelldemorella.org\/ca\/wp-json\/wp\/v2\/pages\/6208","targetHints":{"allow":["GET"]}}],"collection":[{"href":"https:\/\/portelldemorella.org\/ca\/wp-json\/wp\/v2\/pages"}],"about":[{"href":"https:\/\/portelldemorella.org\/ca\/wp-json\/wp\/v2\/types\/page"}],"author":[{"embeddable":true,"href":"https:\/\/portelldemorella.org\/ca\/wp-json\/wp\/v2\/users\/1"}],"replies":[{"embeddable":true,"href":"https:\/\/portelldemorella.org\/ca\/wp-json\/wp\/v2\/comments?post=6208"}],"version-history":[{"count":1,"href":"https:\/\/portelldemorella.org\/ca\/wp-json\/wp\/v2\/pages\/6208\/revisions"}],"predecessor-version":[{"id":6211,"href":"https:\/\/portelldemorella.org\/ca\/wp-json\/wp\/v2\/pages\/6208\/revisions\/6211"}],"wp:attachment":[{"href":"https:\/\/portelldemorella.org\/ca\/wp-json\/wp\/v2\/media?parent=6208"}],"curies":[{"name":"wp","href":"https:\/\/api.w.org\/{rel}","templated":true}]}}