{"id":6446,"date":"2021-07-15T12:08:09","date_gmt":"2021-07-15T12:08:09","guid":{"rendered":"https:\/\/portelldemorella.org\/?page_id=6446"},"modified":"2021-07-15T12:10:03","modified_gmt":"2021-07-15T12:10:03","slug":"audioguies","status":"publish","type":"page","link":"https:\/\/portelldemorella.org\/ca\/audioguies\/","title":{"rendered":"Audioguies"},"content":{"rendered":"\t\t<div data-elementor-type=\"wp-page\" data-elementor-id=\"6446\" class=\"elementor elementor-6446\">\n\t\t\t\t\t\t<section class=\"elementor-section elementor-top-section elementor-element elementor-element-52d27fe elementor-section-boxed elementor-section-height-default elementor-section-height-default\" data-id=\"52d27fe\" data-element_type=\"section\">\n\t\t\t\t\t\t<div class=\"elementor-container elementor-column-gap-default\">\n\t\t\t\t\t<div class=\"elementor-column elementor-col-50 elementor-top-column elementor-element elementor-element-ad3ee09\" data-id=\"ad3ee09\" data-element_type=\"column\">\n\t\t\t<div class=\"elementor-widget-wrap elementor-element-populated\">\n\t\t\t\t\t\t<div class=\"elementor-element elementor-element-3fcefdb elementor-widget elementor-widget-text-editor\" data-id=\"3fcefdb\" data-element_type=\"widget\" data-widget_type=\"text-editor.default\">\n\t\t\t\t<div class=\"elementor-widget-container\">\n\t\t\t\t\t\t\t<p><span style=\"font-weight: 400;\"><strong>L\u2019Ajuntament de Portell aposta pel foment del turisme al municipi<\/strong> potenciant l\u2019encant de les torres i muralles de l\u2019edat mitjana que encara formen part de l\u2019entorn de l&#8217;esgl\u00e9sia parroquial de la Mare de D\u00e9u de l\u2019Assumpci\u00f3.\u00a0<\/span><\/p><p><span style=\"font-weight: 400;\">Avui en dia, encara es pot apreciar part del recinte emmurallat que delimitava aquest municipi a l\u2019edat mitjana. <strong>\u00c9s per aix\u00f2 que l\u2019Ajuntament de Portell, mitjan\u00e7ant unes audioguies vol recordar la hist\u00f2ria del poble<\/strong> per a tot aquell que estiga interessat a con\u00e9ixer-la.<\/span><\/p><p><span style=\"font-weight: 400;\">Les audioguies compten amb cinc parades en total, situades pel nucli antic de Portell i estan disponibles en valenci\u00e0, castell\u00e0 i angl\u00e9s. Funcionen amb un codi QR i tenen una durada total d\u2019aproximadament 21 minuts.<\/span><\/p><div id=\"mouseposition-extension-element-full-container\" style=\"position: fixed; inset: 0px; pointer-events: none; z-index: 2147483647; font-weight: 400;\"><div id=\"mouseposition-extension-element-rect-display\" style=\"display: none; position: absolute; background: rgba(255, 255, 255, 0.7); outline: black solid 1px; font-size: 12px; z-index: 2147483647; justify-content: center; align-items: center; user-select: none; cursor: default; color: #000000; font-family: 'Helvetica Neue', Helvetica, Arial, sans-serif; width: 0px; height: 0px;\"><pre style=\"flex: 1 1 0%; text-align: center; background-color: rgba(255, 255, 255, 0.7); color: #000000; min-width: 42px; min-height: 12px; transition: all 1s ease 0s;\">\u00a0<\/pre><\/div><pre id=\"mouseposition-extension-element-coordinate-display\" style=\"position: absolute; display: none; background: #ffffff; font-size: 12px; line-height: 14px; border-radius: 3px; border-width: 1px; border-color: #222222 black #333333; border-style: solid; padding: 3px; z-index: 2147483647; color: #222222; user-select: none; cursor: default; font-family: 'Helvetica Neue', Helvetica, Arial, sans-serif;\">\u00a0<\/pre><\/div>\t\t\t\t\t\t<\/div>\n\t\t\t\t<\/div>\n\t\t\t\t\t<\/div>\n\t\t<\/div>\n\t\t\t\t<div class=\"elementor-column elementor-col-50 elementor-top-column elementor-element elementor-element-235f95b\" data-id=\"235f95b\" data-element_type=\"column\">\n\t\t\t<div class=\"elementor-widget-wrap elementor-element-populated\">\n\t\t\t\t\t\t<div class=\"elementor-element elementor-element-9ba901c elementor-arrows-position-inside elementor-pagination-position-outside elementor-widget elementor-widget-image-carousel\" data-id=\"9ba901c\" data-element_type=\"widget\" data-settings=\"{&quot;slides_to_show&quot;:&quot;1&quot;,&quot;navigation&quot;:&quot;both&quot;,&quot;autoplay&quot;:&quot;yes&quot;,&quot;pause_on_hover&quot;:&quot;yes&quot;,&quot;pause_on_interaction&quot;:&quot;yes&quot;,&quot;autoplay_speed&quot;:5000,&quot;infinite&quot;:&quot;yes&quot;,&quot;effect&quot;:&quot;slide&quot;,&quot;speed&quot;:500}\" data-widget_type=\"image-carousel.default\">\n\t\t\t\t<div class=\"elementor-widget-container\">\n\t\t\t\t\t<div class=\"elementor-image-carousel-wrapper swiper\" dir=\"ltr\">\n\t\t\t<div class=\"elementor-image-carousel swiper-wrapper\" aria-live=\"off\">\n\t\t\t\t\t\t\t\t<div class=\"swiper-slide\" role=\"group\" aria-roledescription=\"slide\" aria-label=\"1 de 3\"><a data-elementor-open-lightbox=\"yes\" data-elementor-lightbox-slideshow=\"9ba901c\" data-elementor-lightbox-title=\"Audioguies de Portell (3)\" data-e-action-hash=\"#elementor-action%3Aaction%3Dlightbox%26settings%3DeyJpZCI6NjQ0OSwidXJsIjoiaHR0cHM6XC9cL3BvcnRlbGxkZW1vcmVsbGEub3JnXC93cC1jb250ZW50XC91cGxvYWRzXC8yMDIwXC8wN1wvQXVkaW9ndWllcy1kZS1Qb3J0ZWxsLTMtc2NhbGVkLmpwZyIsInNsaWRlc2hvdyI6IjliYTkwMWMifQ%3D%3D\" href=\"https:\/\/portelldemorella.org\/wp-content\/uploads\/2020\/07\/Audioguies-de-Portell-3-scaled.jpg\"><figure class=\"swiper-slide-inner\"><img decoding=\"async\" class=\"swiper-slide-image\" src=\"https:\/\/portelldemorella.org\/wp-content\/uploads\/elementor\/thumbs\/Audioguies-de-Portell-3-scaled-q88anlj2s0xcef6ltilila2vesnz46vzs70lfdr0rk.jpg\" alt=\"Audioguies de Portell (3)\" \/><\/figure><\/a><\/div><div class=\"swiper-slide\" role=\"group\" aria-roledescription=\"slide\" aria-label=\"2 de 3\"><a data-elementor-open-lightbox=\"yes\" data-elementor-lightbox-slideshow=\"9ba901c\" data-elementor-lightbox-title=\"Audioguies de Portell (2)\" data-e-action-hash=\"#elementor-action%3Aaction%3Dlightbox%26settings%3DeyJpZCI6NjQ1MSwidXJsIjoiaHR0cHM6XC9cL3BvcnRlbGxkZW1vcmVsbGEub3JnXC93cC1jb250ZW50XC91cGxvYWRzXC8yMDIwXC8wN1wvQXVkaW9ndWllcy1kZS1Qb3J0ZWxsLTItc2NhbGVkLmpwZyIsInNsaWRlc2hvdyI6IjliYTkwMWMifQ%3D%3D\" href=\"https:\/\/portelldemorella.org\/wp-content\/uploads\/2020\/07\/Audioguies-de-Portell-2-scaled.jpg\"><figure class=\"swiper-slide-inner\"><img decoding=\"async\" class=\"swiper-slide-image\" src=\"https:\/\/portelldemorella.org\/wp-content\/uploads\/elementor\/thumbs\/Audioguies-de-Portell-2-scaled-q88ana90i0hwj3mzndpzrcxca67kjtn7qn6ro27qu8.jpg\" alt=\"Audioguies de Portell (2)\" \/><\/figure><\/a><\/div><div class=\"swiper-slide\" role=\"group\" aria-roledescription=\"slide\" aria-label=\"3 de 3\"><a data-elementor-open-lightbox=\"yes\" data-elementor-lightbox-slideshow=\"9ba901c\" data-elementor-lightbox-title=\"Audioguies de Portell (1)\" data-e-action-hash=\"#elementor-action%3Aaction%3Dlightbox%26settings%3DeyJpZCI6NjQ1MywidXJsIjoiaHR0cHM6XC9cL3BvcnRlbGxkZW1vcmVsbGEub3JnXC93cC1jb250ZW50XC91cGxvYWRzXC8yMDIwXC8wN1wvQXVkaW9ndWllcy1kZS1Qb3J0ZWxsLTEtc2NhbGVkLmpwZyIsInNsaWRlc2hvdyI6IjliYTkwMWMifQ%3D%3D\" href=\"https:\/\/portelldemorella.org\/wp-content\/uploads\/2020\/07\/Audioguies-de-Portell-1-scaled.jpg\"><figure class=\"swiper-slide-inner\"><img decoding=\"async\" class=\"swiper-slide-image\" src=\"https:\/\/portelldemorella.org\/wp-content\/uploads\/elementor\/thumbs\/Audioguies-de-Portell-1-scaled-q88an1sgsi6bmlza0s2cmx26xpd9mjpmphbeckkae8.jpg\" alt=\"Audioguies de Portell (1)\" \/><\/figure><\/a><\/div>\t\t\t<\/div>\n\t\t\t\t\t\t\t\t\t\t\t\t<div class=\"elementor-swiper-button elementor-swiper-button-prev\" role=\"button\" tabindex=\"0\">\n\t\t\t\t\t\t<i aria-hidden=\"true\" class=\"eicon-chevron-left\"><\/i>\t\t\t\t\t<\/div>\n\t\t\t\t\t<div class=\"elementor-swiper-button elementor-swiper-button-next\" role=\"button\" tabindex=\"0\">\n\t\t\t\t\t\t<i aria-hidden=\"true\" class=\"eicon-chevron-right\"><\/i>\t\t\t\t\t<\/div>\n\t\t\t\t\n\t\t\t\t\t\t\t\t\t<div class=\"swiper-pagination\"><\/div>\n\t\t\t\t\t\t\t\t\t<\/div>\n\t\t\t\t<\/div>\n\t\t\t\t<\/div>\n\t\t\t\t<div class=\"elementor-element elementor-element-0f1765a elementor-widget elementor-widget-spacer\" data-id=\"0f1765a\" data-element_type=\"widget\" data-widget_type=\"spacer.default\">\n\t\t\t\t<div class=\"elementor-widget-container\">\n\t\t\t\t\t<div class=\"elementor-spacer\">\n\t\t\t<div class=\"elementor-spacer-inner\"><\/div>\n\t\t<\/div>\n\t\t\t\t<\/div>\n\t\t\t\t<\/div>\n\t\t\t\t\t<\/div>\n\t\t<\/div>\n\t\t\t\t\t<\/div>\n\t\t<\/section>\n\t\t\t\t<\/div>\n\t\t","protected":false},"excerpt":{"rendered":"<p>L\u2019Ajuntament de Portell aposta pel foment del turisme al municipi potenciant l\u2019encant de les torres i muralles de l\u2019edat mitjana que encara formen part de l\u2019entorn de l&#8217;esgl\u00e9sia parroquial de la Mare de D\u00e9u de l\u2019Assumpci\u00f3.\u00a0 Avui en dia, encara es pot apreciar part del recinte emmurallat que delimitava aquest municipi a l\u2019edat mitjana. \u00c9s [&hellip;]<\/p>\n","protected":false},"author":1,"featured_media":0,"parent":0,"menu_order":0,"comment_status":"closed","ping_status":"closed","template":"","meta":{"footnotes":""},"class_list":["post-6446","page","type-page","status-publish","hentry"],"yoast_head":"<!-- This site is optimized with the Yoast SEO plugin v24.4 - https:\/\/yoast.com\/wordpress\/plugins\/seo\/ -->\n<title>Audioguies - Portell de Morella<\/title>\n<meta name=\"robots\" content=\"noindex, follow, max-snippet:-1, max-image-preview:large, max-video-preview:-1\" \/>\n<meta property=\"og:locale\" content=\"ca_ES\" \/>\n<meta property=\"og:type\" content=\"article\" \/>\n<meta property=\"og:title\" content=\"Audioguies - Portell de Morella\" \/>\n<meta property=\"og:description\" content=\"L\u2019Ajuntament de Portell aposta pel foment del turisme al municipi potenciant l\u2019encant de les torres i muralles de l\u2019edat mitjana que encara formen part de l\u2019entorn de l&#8217;esgl\u00e9sia parroquial de la Mare de D\u00e9u de l\u2019Assumpci\u00f3.\u00a0 Avui en dia, encara es pot apreciar part del recinte emmurallat que delimitava aquest municipi a l\u2019edat mitjana. \u00c9s [&hellip;]\" \/>\n<meta property=\"og:url\" content=\"https:\/\/portelldemorella.org\/ca\/audioguies\/\" \/>\n<meta property=\"og:site_name\" content=\"Portell de Morella\" \/>\n<meta property=\"article:modified_time\" content=\"2021-07-15T12:10:03+00:00\" \/>\n<meta property=\"og:image\" content=\"https:\/\/portelldemorella.org\/wp-content\/uploads\/elementor\/thumbs\/Audioguies-de-Portell-3-scaled-pa5hmow8f9oqsj250b8ymtv77n0opmp7jcs10wzbmo.jpg\" \/>\n<meta name=\"twitter:card\" content=\"summary_large_image\" \/>\n<meta name=\"twitter:label1\" content=\"Temps estimat de lectura\" \/>\n\t<meta name=\"twitter:data1\" content=\"2 minuts\" \/>\n<script type=\"application\/ld+json\" class=\"yoast-schema-graph\">{\"@context\":\"https:\/\/schema.org\",\"@graph\":[{\"@type\":\"WebPage\",\"@id\":\"https:\/\/portelldemorella.org\/ca\/audioguies\/\",\"url\":\"https:\/\/portelldemorella.org\/ca\/audioguies\/\",\"name\":\"Audioguies - Portell de Morella\",\"isPartOf\":{\"@id\":\"https:\/\/portelldemorella.org\/#website\"},\"primaryImageOfPage\":{\"@id\":\"https:\/\/portelldemorella.org\/ca\/audioguies\/#primaryimage\"},\"image\":{\"@id\":\"https:\/\/portelldemorella.org\/ca\/audioguies\/#primaryimage\"},\"thumbnailUrl\":\"https:\/\/portelldemorella.org\/wp-content\/uploads\/elementor\/thumbs\/Audioguies-de-Portell-3-scaled-pa5hmow8f9oqsj250b8ymtv77n0opmp7jcs10wzbmo.jpg\",\"datePublished\":\"2021-07-15T12:08:09+00:00\",\"dateModified\":\"2021-07-15T12:10:03+00:00\",\"breadcrumb\":{\"@id\":\"https:\/\/portelldemorella.org\/ca\/audioguies\/#breadcrumb\"},\"inLanguage\":\"ca\",\"potentialAction\":[{\"@type\":\"ReadAction\",\"target\":[\"https:\/\/portelldemorella.org\/ca\/audioguies\/\"]}]},{\"@type\":\"ImageObject\",\"inLanguage\":\"ca\",\"@id\":\"https:\/\/portelldemorella.org\/ca\/audioguies\/#primaryimage\",\"url\":\"https:\/\/portelldemorella.org\/wp-content\/uploads\/elementor\/thumbs\/Audioguies-de-Portell-3-scaled-pa5hmow8f9oqsj250b8ymtv77n0opmp7jcs10wzbmo.jpg\",\"contentUrl\":\"https:\/\/portelldemorella.org\/wp-content\/uploads\/elementor\/thumbs\/Audioguies-de-Portell-3-scaled-pa5hmow8f9oqsj250b8ymtv77n0opmp7jcs10wzbmo.jpg\"},{\"@type\":\"BreadcrumbList\",\"@id\":\"https:\/\/portelldemorella.org\/ca\/audioguies\/#breadcrumb\",\"itemListElement\":[{\"@type\":\"ListItem\",\"position\":1,\"name\":\"Portada\",\"item\":\"https:\/\/portelldemorella.org\/ca\/\"},{\"@type\":\"ListItem\",\"position\":2,\"name\":\"Audioguies\"}]},{\"@type\":\"WebSite\",\"@id\":\"https:\/\/portelldemorella.org\/#website\",\"url\":\"https:\/\/portelldemorella.org\/\",\"name\":\"Portell de Morella\",\"description\":\"Web del Ayuntamiento de Portell de Morella\",\"publisher\":{\"@id\":\"https:\/\/portelldemorella.org\/#organization\"},\"potentialAction\":[{\"@type\":\"SearchAction\",\"target\":{\"@type\":\"EntryPoint\",\"urlTemplate\":\"https:\/\/portelldemorella.org\/?s={search_term_string}\"},\"query-input\":{\"@type\":\"PropertyValueSpecification\",\"valueRequired\":true,\"valueName\":\"search_term_string\"}}],\"inLanguage\":\"ca\"},{\"@type\":\"Organization\",\"@id\":\"https:\/\/portelldemorella.org\/#organization\",\"name\":\"Portell de Morella\",\"url\":\"https:\/\/portelldemorella.org\/\",\"logo\":{\"@type\":\"ImageObject\",\"inLanguage\":\"ca\",\"@id\":\"https:\/\/portelldemorella.org\/#\/schema\/logo\/image\/\",\"url\":\"https:\/\/portelldemorella.org\/wp-content\/uploads\/2020\/11\/Escudo-Portell-04.jpg\",\"contentUrl\":\"https:\/\/portelldemorella.org\/wp-content\/uploads\/2020\/11\/Escudo-Portell-04.jpg\",\"width\":1001,\"height\":394,\"caption\":\"Portell de Morella\"},\"image\":{\"@id\":\"https:\/\/portelldemorella.org\/#\/schema\/logo\/image\/\"}}]}<\/script>\n<!-- \/ Yoast SEO plugin. -->","yoast_head_json":{"title":"Audioguies - Portell de Morella","robots":{"index":"noindex","follow":"follow","max-snippet":"max-snippet:-1","max-image-preview":"max-image-preview:large","max-video-preview":"max-video-preview:-1"},"og_locale":"ca_ES","og_type":"article","og_title":"Audioguies - Portell de Morella","og_description":"L\u2019Ajuntament de Portell aposta pel foment del turisme al municipi potenciant l\u2019encant de les torres i muralles de l\u2019edat mitjana que encara formen part de l\u2019entorn de l&#8217;esgl\u00e9sia parroquial de la Mare de D\u00e9u de l\u2019Assumpci\u00f3.\u00a0 Avui en dia, encara es pot apreciar part del recinte emmurallat que delimitava aquest municipi a l\u2019edat mitjana. \u00c9s [&hellip;]","og_url":"https:\/\/portelldemorella.org\/ca\/audioguies\/","og_site_name":"Portell de Morella","article_modified_time":"2021-07-15T12:10:03+00:00","og_image":[{"url":"https:\/\/portelldemorella.org\/wp-content\/uploads\/elementor\/thumbs\/Audioguies-de-Portell-3-scaled-pa5hmow8f9oqsj250b8ymtv77n0opmp7jcs10wzbmo.jpg","type":"","width":"","height":""}],"twitter_card":"summary_large_image","twitter_misc":{"Temps estimat de lectura":"2 minuts"},"schema":{"@context":"https:\/\/schema.org","@graph":[{"@type":"WebPage","@id":"https:\/\/portelldemorella.org\/ca\/audioguies\/","url":"https:\/\/portelldemorella.org\/ca\/audioguies\/","name":"Audioguies - Portell de Morella","isPartOf":{"@id":"https:\/\/portelldemorella.org\/#website"},"primaryImageOfPage":{"@id":"https:\/\/portelldemorella.org\/ca\/audioguies\/#primaryimage"},"image":{"@id":"https:\/\/portelldemorella.org\/ca\/audioguies\/#primaryimage"},"thumbnailUrl":"https:\/\/portelldemorella.org\/wp-content\/uploads\/elementor\/thumbs\/Audioguies-de-Portell-3-scaled-pa5hmow8f9oqsj250b8ymtv77n0opmp7jcs10wzbmo.jpg","datePublished":"2021-07-15T12:08:09+00:00","dateModified":"2021-07-15T12:10:03+00:00","breadcrumb":{"@id":"https:\/\/portelldemorella.org\/ca\/audioguies\/#breadcrumb"},"inLanguage":"ca","potentialAction":[{"@type":"ReadAction","target":["https:\/\/portelldemorella.org\/ca\/audioguies\/"]}]},{"@type":"ImageObject","inLanguage":"ca","@id":"https:\/\/portelldemorella.org\/ca\/audioguies\/#primaryimage","url":"https:\/\/portelldemorella.org\/wp-content\/uploads\/elementor\/thumbs\/Audioguies-de-Portell-3-scaled-pa5hmow8f9oqsj250b8ymtv77n0opmp7jcs10wzbmo.jpg","contentUrl":"https:\/\/portelldemorella.org\/wp-content\/uploads\/elementor\/thumbs\/Audioguies-de-Portell-3-scaled-pa5hmow8f9oqsj250b8ymtv77n0opmp7jcs10wzbmo.jpg"},{"@type":"BreadcrumbList","@id":"https:\/\/portelldemorella.org\/ca\/audioguies\/#breadcrumb","itemListElement":[{"@type":"ListItem","position":1,"name":"Portada","item":"https:\/\/portelldemorella.org\/ca\/"},{"@type":"ListItem","position":2,"name":"Audioguies"}]},{"@type":"WebSite","@id":"https:\/\/portelldemorella.org\/#website","url":"https:\/\/portelldemorella.org\/","name":"Portell de Morella","description":"Web del Ayuntamiento de Portell de Morella","publisher":{"@id":"https:\/\/portelldemorella.org\/#organization"},"potentialAction":[{"@type":"SearchAction","target":{"@type":"EntryPoint","urlTemplate":"https:\/\/portelldemorella.org\/?s={search_term_string}"},"query-input":{"@type":"PropertyValueSpecification","valueRequired":true,"valueName":"search_term_string"}}],"inLanguage":"ca"},{"@type":"Organization","@id":"https:\/\/portelldemorella.org\/#organization","name":"Portell de Morella","url":"https:\/\/portelldemorella.org\/","logo":{"@type":"ImageObject","inLanguage":"ca","@id":"https:\/\/portelldemorella.org\/#\/schema\/logo\/image\/","url":"https:\/\/portelldemorella.org\/wp-content\/uploads\/2020\/11\/Escudo-Portell-04.jpg","contentUrl":"https:\/\/portelldemorella.org\/wp-content\/uploads\/2020\/11\/Escudo-Portell-04.jpg","width":1001,"height":394,"caption":"Portell de Morella"},"image":{"@id":"https:\/\/portelldemorella.org\/#\/schema\/logo\/image\/"}}]}},"_links":{"self":[{"href":"https:\/\/portelldemorella.org\/ca\/wp-json\/wp\/v2\/pages\/6446","targetHints":{"allow":["GET"]}}],"collection":[{"href":"https:\/\/portelldemorella.org\/ca\/wp-json\/wp\/v2\/pages"}],"about":[{"href":"https:\/\/portelldemorella.org\/ca\/wp-json\/wp\/v2\/types\/page"}],"author":[{"embeddable":true,"href":"https:\/\/portelldemorella.org\/ca\/wp-json\/wp\/v2\/users\/1"}],"replies":[{"embeddable":true,"href":"https:\/\/portelldemorella.org\/ca\/wp-json\/wp\/v2\/comments?post=6446"}],"version-history":[{"count":4,"href":"https:\/\/portelldemorella.org\/ca\/wp-json\/wp\/v2\/pages\/6446\/revisions"}],"predecessor-version":[{"id":6465,"href":"https:\/\/portelldemorella.org\/ca\/wp-json\/wp\/v2\/pages\/6446\/revisions\/6465"}],"wp:attachment":[{"href":"https:\/\/portelldemorella.org\/ca\/wp-json\/wp\/v2\/media?parent=6446"}],"curies":[{"name":"wp","href":"https:\/\/api.w.org\/{rel}","templated":true}]}}